{"id":11,"date":"2021-04-06T19:02:16","date_gmt":"2021-04-06T19:02:16","guid":{"rendered":"https:\/\/demetrarb.com\/BG\/?page_id=11"},"modified":"2021-07-04T12:24:04","modified_gmt":"2021-07-04T12:24:04","slug":"create-your-website-with-blocks","status":"publish","type":"page","link":"https:\/\/demetrarb.com\/BG\/","title":{"rendered":"Projektovanje, ure\u0111enje i odr\u017eavanje"},"content":{"rendered":"\n<h2 class=\"alignwide has-text-align-wide has-gigantic-font-size wp-block-heading\" style=\"line-height:1.1\">Create your website with blocks<\/h2>\n\n\n\n<div style=\"height:100px\" aria-hidden=\"true\" class=\"wp-block-spacer\"><\/div>\n\n\n\n<div class=\"wp-block-columns alignwide are-vertically-aligned-center is-style-twentytwentyone-columns-overlap is-layout-flex wp-container-core-columns-layout-1 wp-block-columns-is-layout-flex\">\n<div class=\"wp-block-column is-vertically-aligned-center is-layout-flow wp-block-column-is-layout-flow\">\n<figure class=\"wp-block-image alignfull size-large\"><img decoding=\"async\" src=\"https:\/\/demetrarb.com\/BG\/\/wp-content\/themes\/twentytwentyone\/assets\/images\/roses-tremieres-hollyhocks-1884.jpg\" alt=\"\u201cRoses Tr\u00e9mi\u00e8res\u201d by Berthe Morisot\"\/><\/figure>\n\n\n\n<div style=\"height:100px\" aria-hidden=\"true\" class=\"wp-block-spacer\"><\/div>\n\n\n\n<figure class=\"wp-block-image alignfull size-large is-style-twentytwentyone-image-frame\"><img decoding=\"async\" src=\"https:\/\/demetrarb.com\/BG\/\/wp-content\/themes\/twentytwentyone\/assets\/images\/in-the-bois-de-boulogne.jpg\" alt=\"\u201cIn the Bois de Boulogne\u201d by Berthe Morisot\"\/><\/figure>\n<\/div>\n\n\n\n<div class=\"wp-block-column is-vertically-aligned-center is-layout-flow wp-block-column-is-layout-flow\">\n<div style=\"height:100px\" aria-hidden=\"true\" class=\"wp-block-spacer\"><\/div>\n\n\n\n<figure class=\"wp-block-image size-large alignfull size-full is-style-twentytwentyone-border\"><img decoding=\"async\" src=\"https:\/\/demetrarb.com\/BG\/\/wp-content\/themes\/twentytwentyone\/assets\/images\/young-woman-in-mauve.jpg\" alt=\"\u201cYoung Woman in Mauve\u201d by Berthe Morisot\"\/><\/figure>\n<\/div>\n<\/div>\n\n\n\n<div style=\"height:50px\" aria-hidden=\"true\" class=\"wp-block-spacer\"><\/div>\n\n\n\n<div class=\"wp-block-columns alignwide are-vertically-aligned-top is-layout-flex wp-container-core-columns-layout-2 wp-block-columns-is-layout-flex\">\n<div class=\"wp-block-column is-vertically-aligned-top is-layout-flow wp-block-column-is-layout-flow\">\n<h3 class=\"wp-block-heading\">Add block patterns<\/h3>\n\n\n\n<p>Block patterns are pre-designed groups of blocks. To add one, select the Add Block button [+] in the toolbar at the top of the editor. Switch to the Patterns tab underneath the search bar, and choose a pattern.<\/p>\n<\/div>\n\n\n\n<div class=\"wp-block-column is-vertically-aligned-top is-layout-flow wp-block-column-is-layout-flow\">\n<h3 class=\"wp-block-heading\">Frame your images<\/h3>\n\n\n\n<p>Twenty Twenty-One includes stylish borders for your content. With an Image block selected, open the &#8222;Styles&#8220; panel within the Editor sidebar. Select the &#8222;Frame&#8220; block style to activate it.<\/p>\n<\/div>\n\n\n\n<div class=\"wp-block-column is-vertically-aligned-top is-layout-flow wp-block-column-is-layout-flow\">\n<h3 class=\"wp-block-heading\">Overlap columns<\/h3>\n\n\n\n<p>Twenty Twenty-One also includes an overlap style for column blocks. With a Columns block selected, open the &#8222;Styles&#8220; panel within the Editor sidebar. Choose the &#8222;Overlap&#8220; block style to try it out.<\/p>\n<\/div>\n<\/div>\n\n\n\n<div style=\"height:100px\" aria-hidden=\"true\" class=\"wp-block-spacer\"><\/div>\n\n\n\n<div class=\"wp-block-cover alignwide has-green-background-color has-background-dim is-style-twentytwentyone-border\"><div class=\"wp-block-cover__inner-container is-layout-flow wp-block-cover-is-layout-flow\">\n<div style=\"height:20px\" aria-hidden=\"true\" class=\"wp-block-spacer\"><\/div>\n\n\n\n<p class=\"has-huge-font-size\">Need help?<\/p>\n\n\n\n<div style=\"height:75px\" aria-hidden=\"true\" class=\"wp-block-spacer\"><\/div>\n\n\n\n<div class=\"wp-block-columns is-layout-flex wp-container-core-columns-layout-3 wp-block-columns-is-layout-flex\">\n<div class=\"wp-block-column is-layout-flow wp-block-column-is-layout-flow\">\n<p><a href=\"https:\/\/wordpress.org\/support\/article\/twenty-twenty-one\/\">Read the Theme Documentation<\/a><\/p>\n<\/div>\n\n\n\n<div class=\"wp-block-column is-layout-flow wp-block-column-is-layout-flow\">\n<p><a href=\"https:\/\/wordpress.org\/support\/theme\/twentytwentyone\/\">Check out the Support Forums<\/a><\/p>\n<\/div>\n<\/div>\n\n\n\n<div style=\"height:20px\" aria-hidden=\"true\" class=\"wp-block-spacer\"><\/div>\n<\/div><\/div>\n","protected":false},"excerpt":{"rendered":"<p>Create your website with blocks Add block patterns Block patterns are pre-designed groups of blocks. To add one, select the Add Block button [+] in the toolbar at the top<\/p>\n<p>\n                <span class=\"glyphicon glyphicon-arrow-right\"><a title=\"Continue reading\" href=\"https:\/\/demetrarb.com\/BG\/\">Continue reading<\/a><\/span><\/p>\n","protected":false},"author":1,"featured_media":0,"parent":0,"menu_order":0,"comment_status":"closed","ping_status":"closed","template":"page-templates\/front-page.php","meta":{"footnotes":""},"yoast_head":"<!-- This site is optimized with the Yoast SEO plugin v22.3 - https:\/\/yoast.com\/wordpress\/plugins\/seo\/ -->\n<title>Projektovanje, ure\u0111enje i odr\u017eavanje - Projektovanje, ure\u0111enje i odr\u017eavanje<\/title>\n<meta name=\"robots\" content=\"index, follow, max-snippet:-1, max-image-preview:large, max-video-preview:-1\" \/>\n<link rel=\"canonical\" href=\"https:\/\/demetrarb.com\/BG\/\" \/>\n<meta property=\"og:locale\" content=\"sr_RS\" \/>\n<meta property=\"og:type\" content=\"article\" \/>\n<meta property=\"og:title\" content=\"Projektovanje, ure\u0111enje i odr\u017eavanje - Projektovanje, ure\u0111enje i odr\u017eavanje\" \/>\n<meta property=\"og:description\" content=\"Create your website with blocks Add block patterns Block patterns are pre-designed groups of blocks. To add one, select the Add Block button [+] in the toolbar at the top         Continue reading\" \/>\n<meta property=\"og:url\" content=\"https:\/\/demetrarb.com\/BG\/\" \/>\n<meta property=\"og:site_name\" content=\"Projektovanje, ure\u0111enje i odr\u017eavanje\" \/>\n<meta property=\"article:publisher\" content=\"https:\/\/www.facebook.com\/demetra.rb\" \/>\n<meta property=\"article:modified_time\" content=\"2021-07-04T12:24:04+00:00\" \/>\n<meta property=\"og:image\" content=\"https:\/\/demetrarb.com\/BG\/\/wp-content\/themes\/twentytwentyone\/assets\/images\/roses-tremieres-hollyhocks-1884.jpg\" \/>\n<meta name=\"twitter:card\" content=\"summary_large_image\" \/>\n<meta name=\"twitter:label1\" content=\"Procenjeno vreme \u010ditanja\" \/>\n\t<meta name=\"twitter:data1\" content=\"2 minuta\" \/>\n<script type=\"application\/ld+json\" class=\"yoast-schema-graph\">{\"@context\":\"https:\/\/schema.org\",\"@graph\":[{\"@type\":\"WebPage\",\"@id\":\"https:\/\/demetrarb.com\/BG\/\",\"url\":\"https:\/\/demetrarb.com\/BG\/\",\"name\":\"Projektovanje, ure\u0111enje i odr\u017eavanje - Projektovanje, ure\u0111enje i odr\u017eavanje\",\"isPartOf\":{\"@id\":\"https:\/\/demetrarb.com\/BG\/#website\"},\"primaryImageOfPage\":{\"@id\":\"https:\/\/demetrarb.com\/BG\/#primaryimage\"},\"image\":{\"@id\":\"https:\/\/demetrarb.com\/BG\/#primaryimage\"},\"thumbnailUrl\":\"https:\/\/demetrarb.com\/BG\/\/wp-content\/themes\/twentytwentyone\/assets\/images\/roses-tremieres-hollyhocks-1884.jpg\",\"datePublished\":\"2021-04-06T19:02:16+00:00\",\"dateModified\":\"2021-07-04T12:24:04+00:00\",\"breadcrumb\":{\"@id\":\"https:\/\/demetrarb.com\/BG\/#breadcrumb\"},\"inLanguage\":\"sr-RS\",\"potentialAction\":[{\"@type\":\"ReadAction\",\"target\":[\"https:\/\/demetrarb.com\/BG\/\"]}]},{\"@type\":\"ImageObject\",\"inLanguage\":\"sr-RS\",\"@id\":\"https:\/\/demetrarb.com\/BG\/#primaryimage\",\"url\":\"https:\/\/demetrarb.com\/BG\/\/wp-content\/themes\/twentytwentyone\/assets\/images\/roses-tremieres-hollyhocks-1884.jpg\",\"contentUrl\":\"https:\/\/demetrarb.com\/BG\/\/wp-content\/themes\/twentytwentyone\/assets\/images\/roses-tremieres-hollyhocks-1884.jpg\"},{\"@type\":\"BreadcrumbList\",\"@id\":\"https:\/\/demetrarb.com\/BG\/#breadcrumb\",\"itemListElement\":[{\"@type\":\"ListItem\",\"position\":1,\"name\":\"\u041f\u043e\u0447\u0435\u0442\u043d\u0430\",\"item\":\"https:\/\/demetrarb.com\/BG\/\"},{\"@type\":\"ListItem\",\"position\":2,\"name\":\"Projektovanje, ure\u0111enje i odr\u017eavanje\"}]},{\"@type\":\"WebSite\",\"@id\":\"https:\/\/demetrarb.com\/BG\/#website\",\"url\":\"https:\/\/demetrarb.com\/BG\/\",\"name\":\"Projektovanje, ure\u0111enje i odr\u017eavanje\",\"description\":\"Projektujemo, izvodimo i odr\u017eavamo zelene povr\u0161ine\",\"publisher\":{\"@id\":\"https:\/\/demetrarb.com\/BG\/#organization\"},\"potentialAction\":[{\"@type\":\"SearchAction\",\"target\":{\"@type\":\"EntryPoint\",\"urlTemplate\":\"https:\/\/demetrarb.com\/BG\/?s={search_term_string}\"},\"query-input\":\"required name=search_term_string\"}],\"inLanguage\":\"sr-RS\"},{\"@type\":\"Organization\",\"@id\":\"https:\/\/demetrarb.com\/BG\/#organization\",\"name\":\"Projektovanje, ure\u0111enje i odr\u017eavanje\",\"url\":\"https:\/\/demetrarb.com\/BG\/\",\"logo\":{\"@type\":\"ImageObject\",\"inLanguage\":\"sr-RS\",\"@id\":\"https:\/\/demetrarb.com\/BG\/#\/schema\/logo\/image\/\",\"url\":\"https:\/\/demetrarb.com\/BG\/wp-content\/uploads\/2021\/06\/Demetra-RB-LOGO.jpg\",\"contentUrl\":\"https:\/\/demetrarb.com\/BG\/wp-content\/uploads\/2021\/06\/Demetra-RB-LOGO.jpg\",\"width\":2088,\"height\":322,\"caption\":\"Projektovanje, ure\u0111enje i odr\u017eavanje\"},\"image\":{\"@id\":\"https:\/\/demetrarb.com\/BG\/#\/schema\/logo\/image\/\"},\"sameAs\":[\"https:\/\/www.facebook.com\/demetra.rb\"]}]}<\/script>\n<!-- \/ Yoast SEO plugin. -->","yoast_head_json":{"title":"Projektovanje, ure\u0111enje i odr\u017eavanje - Projektovanje, ure\u0111enje i odr\u017eavanje","robots":{"index":"index","follow":"follow","max-snippet":"max-snippet:-1","max-image-preview":"max-image-preview:large","max-video-preview":"max-video-preview:-1"},"canonical":"https:\/\/demetrarb.com\/BG\/","og_locale":"sr_RS","og_type":"article","og_title":"Projektovanje, ure\u0111enje i odr\u017eavanje - Projektovanje, ure\u0111enje i odr\u017eavanje","og_description":"Create your website with blocks Add block patterns Block patterns are pre-designed groups of blocks. To add one, select the Add Block button [+] in the toolbar at the top         Continue reading","og_url":"https:\/\/demetrarb.com\/BG\/","og_site_name":"Projektovanje, ure\u0111enje i odr\u017eavanje","article_publisher":"https:\/\/www.facebook.com\/demetra.rb","article_modified_time":"2021-07-04T12:24:04+00:00","og_image":[{"url":"https:\/\/demetrarb.com\/BG\/\/wp-content\/themes\/twentytwentyone\/assets\/images\/roses-tremieres-hollyhocks-1884.jpg"}],"twitter_card":"summary_large_image","twitter_misc":{"Procenjeno vreme \u010ditanja":"2 minuta"},"schema":{"@context":"https:\/\/schema.org","@graph":[{"@type":"WebPage","@id":"https:\/\/demetrarb.com\/BG\/","url":"https:\/\/demetrarb.com\/BG\/","name":"Projektovanje, ure\u0111enje i odr\u017eavanje - Projektovanje, ure\u0111enje i odr\u017eavanje","isPartOf":{"@id":"https:\/\/demetrarb.com\/BG\/#website"},"primaryImageOfPage":{"@id":"https:\/\/demetrarb.com\/BG\/#primaryimage"},"image":{"@id":"https:\/\/demetrarb.com\/BG\/#primaryimage"},"thumbnailUrl":"https:\/\/demetrarb.com\/BG\/\/wp-content\/themes\/twentytwentyone\/assets\/images\/roses-tremieres-hollyhocks-1884.jpg","datePublished":"2021-04-06T19:02:16+00:00","dateModified":"2021-07-04T12:24:04+00:00","breadcrumb":{"@id":"https:\/\/demetrarb.com\/BG\/#breadcrumb"},"inLanguage":"sr-RS","potentialAction":[{"@type":"ReadAction","target":["https:\/\/demetrarb.com\/BG\/"]}]},{"@type":"ImageObject","inLanguage":"sr-RS","@id":"https:\/\/demetrarb.com\/BG\/#primaryimage","url":"https:\/\/demetrarb.com\/BG\/\/wp-content\/themes\/twentytwentyone\/assets\/images\/roses-tremieres-hollyhocks-1884.jpg","contentUrl":"https:\/\/demetrarb.com\/BG\/\/wp-content\/themes\/twentytwentyone\/assets\/images\/roses-tremieres-hollyhocks-1884.jpg"},{"@type":"BreadcrumbList","@id":"https:\/\/demetrarb.com\/BG\/#breadcrumb","itemListElement":[{"@type":"ListItem","position":1,"name":"\u041f\u043e\u0447\u0435\u0442\u043d\u0430","item":"https:\/\/demetrarb.com\/BG\/"},{"@type":"ListItem","position":2,"name":"Projektovanje, ure\u0111enje i odr\u017eavanje"}]},{"@type":"WebSite","@id":"https:\/\/demetrarb.com\/BG\/#website","url":"https:\/\/demetrarb.com\/BG\/","name":"Projektovanje, ure\u0111enje i odr\u017eavanje","description":"Projektujemo, izvodimo i odr\u017eavamo zelene povr\u0161ine","publisher":{"@id":"https:\/\/demetrarb.com\/BG\/#organization"},"potentialAction":[{"@type":"SearchAction","target":{"@type":"EntryPoint","urlTemplate":"https:\/\/demetrarb.com\/BG\/?s={search_term_string}"},"query-input":"required name=search_term_string"}],"inLanguage":"sr-RS"},{"@type":"Organization","@id":"https:\/\/demetrarb.com\/BG\/#organization","name":"Projektovanje, ure\u0111enje i odr\u017eavanje","url":"https:\/\/demetrarb.com\/BG\/","logo":{"@type":"ImageObject","inLanguage":"sr-RS","@id":"https:\/\/demetrarb.com\/BG\/#\/schema\/logo\/image\/","url":"https:\/\/demetrarb.com\/BG\/wp-content\/uploads\/2021\/06\/Demetra-RB-LOGO.jpg","contentUrl":"https:\/\/demetrarb.com\/BG\/wp-content\/uploads\/2021\/06\/Demetra-RB-LOGO.jpg","width":2088,"height":322,"caption":"Projektovanje, ure\u0111enje i odr\u017eavanje"},"image":{"@id":"https:\/\/demetrarb.com\/BG\/#\/schema\/logo\/image\/"},"sameAs":["https:\/\/www.facebook.com\/demetra.rb"]}]}},"_links":{"self":[{"href":"https:\/\/demetrarb.com\/BG\/wp-json\/wp\/v2\/pages\/11"}],"collection":[{"href":"https:\/\/demetrarb.com\/BG\/wp-json\/wp\/v2\/pages"}],"about":[{"href":"https:\/\/demetrarb.com\/BG\/wp-json\/wp\/v2\/types\/page"}],"author":[{"embeddable":true,"href":"https:\/\/demetrarb.com\/BG\/wp-json\/wp\/v2\/users\/1"}],"replies":[{"embeddable":true,"href":"https:\/\/demetrarb.com\/BG\/wp-json\/wp\/v2\/comments?post=11"}],"version-history":[{"count":3,"href":"https:\/\/demetrarb.com\/BG\/wp-json\/wp\/v2\/pages\/11\/revisions"}],"predecessor-version":[{"id":147,"href":"https:\/\/demetrarb.com\/BG\/wp-json\/wp\/v2\/pages\/11\/revisions\/147"}],"wp:attachment":[{"href":"https:\/\/demetrarb.com\/BG\/wp-json\/wp\/v2\/media?parent=11"}],"curies":[{"name":"wp","href":"https:\/\/api.w.org\/{rel}","templated":true}]}}