{"id":13,"date":"2021-04-06T19:02:16","date_gmt":"2021-04-06T19:02:16","guid":{"rendered":"https:\/\/demetrarb.com\/BG\/?page_id=13"},"modified":"2021-10-31T07:55:28","modified_gmt":"2021-10-31T07:55:28","slug":"kontakt","status":"publish","type":"page","link":"https:\/\/demetrarb.com\/BG\/kontakt\/","title":{"rendered":"Kontakt"},"content":{"rendered":"\n<figure class=\"wp-block-table\"><table><tbody><tr><td class=\"has-text-align-left\" data-align=\"left\">\n<h1>O\u010dekujemo Vas<\/h1>\n<p>Posetite nas na na\u0161oj lokaciji u Beogradu, pozovite nas telefonom ili nama po\u0161aljite mejl sa pitanjem.<br>Na\u0161i stru\u010dni saradnici pa\u017eljivo \u0107e obraditi sve Va\u0161e zahteve i prona\u0107i idealno re\u0161enje za sve Va\u0161e potrebe.<\/p>\n<p><strong>&#8222;DEMETRA RB\u201d d.o.o.<br><\/strong>Preduze\u0107e za projektovanje, izvo\u0111enje i<br>odr\u017eavanje zelenih povr\u0161ina<br>Zarija Vujo\u0161evi\u0107a 80<br>11070 Novi Beograd, Srbija<br>PIB: 101713319<br>MB: 06517293<br><strong>Direktor:<\/strong><br>Radenko Bako\u010d<\/p>\n<p><strong>Telefon:<\/strong><br><a style=\"color: #457103;\" href=\"tel:+381113112798\"><strong>+381113112798<\/strong><\/a><\/p>\n<p><strong>Mobilni:<br><\/strong><a style=\"color: #457103;\" href=\"tel:+381653707213\"><strong>+381653707213<\/strong><\/a><\/p>\n<p><strong>E- mail:<\/strong><br><a style=\"color: #457103;\" href=\" mailto:office@demetrarb.com\"><strong>office@demetrarb.com<\/strong><\/a><\/p>\n<p><strong>E- mail:<\/strong><br><a style=\"color: #457103;\" href=\" mailto:racunovodstvo@demetrarb.com\"><strong>racunovodstvo@demetrarb.com<\/strong><\/a><\/p>\n<p><strong>Web:<\/strong><br><a style=\"color: #457103;\" href=\"https:\/\/demetrarb.com\"><strong>www.demetrarb.com<\/strong><\/a><\/p>\n<\/td><td <td style=\"\n    width: 25px; color: white;\n\">a<\/td><td class=\"has-text-align-left\" data-align=\"left\">&nbsp;\n<div class=\"wpcf7 no-js\" id=\"wpcf7-f4-o1\" lang=\"sr-RS\" dir=\"ltr\">\n<div class=\"screen-reader-response\"><p role=\"status\" aria-live=\"polite\" aria-atomic=\"true\"><\/p> <ul><\/ul><\/div>\n<form action=\"\/BG\/wp-json\/wp\/v2\/pages\/13#wpcf7-f4-o1\" method=\"post\" class=\"wpcf7-form init\" aria-label=\"Contact form\" novalidate=\"novalidate\" data-status=\"init\">\n<div style=\"display: none;\">\n<input type=\"hidden\" name=\"_wpcf7\" value=\"4\" \/>\n<input type=\"hidden\" name=\"_wpcf7_version\" value=\"5.9.8\" \/>\n<input type=\"hidden\" name=\"_wpcf7_locale\" value=\"sr_RS\" \/>\n<input type=\"hidden\" name=\"_wpcf7_unit_tag\" value=\"wpcf7-f4-o1\" \/>\n<input type=\"hidden\" name=\"_wpcf7_container_post\" value=\"0\" \/>\n<input type=\"hidden\" name=\"_wpcf7_posted_data_hash\" value=\"\" \/>\n<\/div>\n<p><label> Va\u0161e ime<br \/>\n<span class=\"wpcf7-form-control-wrap\" data-name=\"your-name\"><input size=\"40\" maxlength=\"400\" class=\"wpcf7-form-control wpcf7-text wpcf7-validates-as-required\" aria-required=\"true\" aria-invalid=\"false\" value=\"\" type=\"text\" name=\"your-name\" \/><\/span> <\/label>\n<\/p>\n<p><label> Va\u0161a elektronska po\u0161ta<br \/>\n<span class=\"wpcf7-form-control-wrap\" data-name=\"your-email\"><input size=\"40\" maxlength=\"400\" class=\"wpcf7-form-control wpcf7-email wpcf7-validates-as-required wpcf7-text wpcf7-validates-as-email\" aria-required=\"true\" aria-invalid=\"false\" value=\"\" type=\"email\" name=\"your-email\" \/><\/span> <\/label>\n<\/p>\n<p><label> Predmet interesovanja<br \/>\n<span class=\"wpcf7-form-control-wrap\" data-name=\"your-subject\"><input size=\"40\" maxlength=\"400\" class=\"wpcf7-form-control wpcf7-text wpcf7-validates-as-required\" aria-required=\"true\" aria-invalid=\"false\" value=\"\" type=\"text\" name=\"your-subject\" \/><\/span> <\/label>\n<\/p>\n<p><label> Va\u0161a poruka<br \/>\n<span class=\"wpcf7-form-control-wrap\" data-name=\"your-message\"><textarea cols=\"40\" rows=\"10\" maxlength=\"2000\" class=\"wpcf7-form-control wpcf7-textarea\" aria-invalid=\"false\" name=\"your-message\"><\/textarea><\/span> <\/label>\n<\/p>\n<p><input class=\"wpcf7-form-control wpcf7-submit has-spinner\" type=\"submit\" value=\"Po\u0161aljite\" \/>\n<\/p><p style=\"display: none !important;\" class=\"akismet-fields-container\" data-prefix=\"_wpcf7_ak_\"><label>&#916;<textarea name=\"_wpcf7_ak_hp_textarea\" cols=\"45\" rows=\"8\" maxlength=\"100\"><\/textarea><\/label><input type=\"hidden\" id=\"ak_js_1\" name=\"_wpcf7_ak_js\" value=\"249\"\/><script>document.getElementById( \"ak_js_1\" ).setAttribute( \"value\", ( new Date() ).getTime() );<\/script><\/p><div class=\"wpcf7-response-output\" aria-hidden=\"true\"><\/div>\n<\/form>\n<\/div>\n<\/td><\/tr><\/tbody><\/table><\/figure>\n\n\n\n<!--more-->\n","protected":false},"excerpt":{"rendered":"<p>O\u010dekujemo Vas Posetite nas na na\u0161oj lokaciji u Beogradu, pozovite nas telefonom ili nama po\u0161aljite mejl sa pitanjem.Na\u0161i stru\u010dni saradnici pa\u017eljivo \u0107e obraditi sve Va\u0161e zahteve i prona\u0107i idealno re\u0161enje<\/p>\n<p>\n                <span class=\"glyphicon glyphicon-arrow-right\"><a title=\"Continue reading\" href=\"https:\/\/demetrarb.com\/BG\/kontakt\/\">Continue reading<\/a><\/span><\/p>\n","protected":false},"author":1,"featured_media":453,"parent":0,"menu_order":0,"comment_status":"closed","ping_status":"closed","template":"page-templates\/full-width.php","meta":{"footnotes":""},"yoast_head":"<!-- This site is optimized with the Yoast SEO plugin v22.3 - https:\/\/yoast.com\/wordpress\/plugins\/seo\/ -->\n<title>Kontakt - Projektovanje, ure\u0111enje i odr\u017eavanje<\/title>\n<meta name=\"robots\" content=\"index, follow, max-snippet:-1, max-image-preview:large, max-video-preview:-1\" \/>\n<link rel=\"canonical\" href=\"https:\/\/demetrarb.com\/BG\/kontakt\/\" \/>\n<meta property=\"og:locale\" content=\"sr_RS\" \/>\n<meta property=\"og:type\" content=\"article\" \/>\n<meta property=\"og:title\" content=\"Kontakt - Projektovanje, ure\u0111enje i odr\u017eavanje\" \/>\n<meta property=\"og:description\" content=\"O\u010dekujemo Vas Posetite nas na na\u0161oj lokaciji u Beogradu, pozovite nas telefonom ili nama po\u0161aljite mejl sa pitanjem.Na\u0161i stru\u010dni saradnici pa\u017eljivo \u0107e obraditi sve Va\u0161e zahteve i prona\u0107i idealno re\u0161enje         Continue reading\" \/>\n<meta property=\"og:url\" content=\"https:\/\/demetrarb.com\/BG\/kontakt\/\" \/>\n<meta property=\"og:site_name\" content=\"Projektovanje, ure\u0111enje i odr\u017eavanje\" \/>\n<meta property=\"article:publisher\" content=\"https:\/\/www.facebook.com\/demetra.rb\" \/>\n<meta property=\"article:modified_time\" content=\"2021-10-31T07:55:28+00:00\" \/>\n<meta property=\"og:image\" content=\"https:\/\/demetrarb.com\/BG\/wp-content\/uploads\/2021\/05\/lokaciaj-e1621845772619.png\" \/>\n\t<meta property=\"og:image:width\" content=\"600\" \/>\n\t<meta property=\"og:image:height\" content=\"293\" \/>\n\t<meta property=\"og:image:type\" content=\"image\/png\" \/>\n<meta name=\"twitter:card\" content=\"summary_large_image\" \/>\n<meta name=\"twitter:label1\" content=\"Procenjeno vreme \u010ditanja\" \/>\n\t<meta name=\"twitter:data1\" content=\"1 minut\" \/>\n<script type=\"application\/ld+json\" class=\"yoast-schema-graph\">{\"@context\":\"https:\/\/schema.org\",\"@graph\":[{\"@type\":\"WebPage\",\"@id\":\"https:\/\/demetrarb.com\/BG\/kontakt\/\",\"url\":\"https:\/\/demetrarb.com\/BG\/kontakt\/\",\"name\":\"Kontakt - Projektovanje, ure\u0111enje i odr\u017eavanje\",\"isPartOf\":{\"@id\":\"https:\/\/demetrarb.com\/BG\/#website\"},\"primaryImageOfPage\":{\"@id\":\"https:\/\/demetrarb.com\/BG\/kontakt\/#primaryimage\"},\"image\":{\"@id\":\"https:\/\/demetrarb.com\/BG\/kontakt\/#primaryimage\"},\"thumbnailUrl\":\"https:\/\/demetrarb.com\/BG\/wp-content\/uploads\/2021\/05\/lokaciaj-e1621845772619.png\",\"datePublished\":\"2021-04-06T19:02:16+00:00\",\"dateModified\":\"2021-10-31T07:55:28+00:00\",\"breadcrumb\":{\"@id\":\"https:\/\/demetrarb.com\/BG\/kontakt\/#breadcrumb\"},\"inLanguage\":\"sr-RS\",\"potentialAction\":[{\"@type\":\"ReadAction\",\"target\":[\"https:\/\/demetrarb.com\/BG\/kontakt\/\"]}]},{\"@type\":\"ImageObject\",\"inLanguage\":\"sr-RS\",\"@id\":\"https:\/\/demetrarb.com\/BG\/kontakt\/#primaryimage\",\"url\":\"https:\/\/demetrarb.com\/BG\/wp-content\/uploads\/2021\/05\/lokaciaj-e1621845772619.png\",\"contentUrl\":\"https:\/\/demetrarb.com\/BG\/wp-content\/uploads\/2021\/05\/lokaciaj-e1621845772619.png\",\"width\":600,\"height\":293},{\"@type\":\"BreadcrumbList\",\"@id\":\"https:\/\/demetrarb.com\/BG\/kontakt\/#breadcrumb\",\"itemListElement\":[{\"@type\":\"ListItem\",\"position\":1,\"name\":\"\u041f\u043e\u0447\u0435\u0442\u043d\u0430\",\"item\":\"https:\/\/demetrarb.com\/BG\/\"},{\"@type\":\"ListItem\",\"position\":2,\"name\":\"Kontakt\"}]},{\"@type\":\"WebSite\",\"@id\":\"https:\/\/demetrarb.com\/BG\/#website\",\"url\":\"https:\/\/demetrarb.com\/BG\/\",\"name\":\"Projektovanje, ure\u0111enje i odr\u017eavanje\",\"description\":\"Projektujemo, izvodimo i odr\u017eavamo zelene povr\u0161ine\",\"publisher\":{\"@id\":\"https:\/\/demetrarb.com\/BG\/#organization\"},\"potentialAction\":[{\"@type\":\"SearchAction\",\"target\":{\"@type\":\"EntryPoint\",\"urlTemplate\":\"https:\/\/demetrarb.com\/BG\/?s={search_term_string}\"},\"query-input\":\"required name=search_term_string\"}],\"inLanguage\":\"sr-RS\"},{\"@type\":\"Organization\",\"@id\":\"https:\/\/demetrarb.com\/BG\/#organization\",\"name\":\"Projektovanje, ure\u0111enje i odr\u017eavanje\",\"url\":\"https:\/\/demetrarb.com\/BG\/\",\"logo\":{\"@type\":\"ImageObject\",\"inLanguage\":\"sr-RS\",\"@id\":\"https:\/\/demetrarb.com\/BG\/#\/schema\/logo\/image\/\",\"url\":\"https:\/\/demetrarb.com\/BG\/wp-content\/uploads\/2021\/06\/Demetra-RB-LOGO.jpg\",\"contentUrl\":\"https:\/\/demetrarb.com\/BG\/wp-content\/uploads\/2021\/06\/Demetra-RB-LOGO.jpg\",\"width\":2088,\"height\":322,\"caption\":\"Projektovanje, ure\u0111enje i odr\u017eavanje\"},\"image\":{\"@id\":\"https:\/\/demetrarb.com\/BG\/#\/schema\/logo\/image\/\"},\"sameAs\":[\"https:\/\/www.facebook.com\/demetra.rb\"]}]}<\/script>\n<!-- \/ Yoast SEO plugin. -->","yoast_head_json":{"title":"Kontakt - Projektovanje, ure\u0111enje i odr\u017eavanje","robots":{"index":"index","follow":"follow","max-snippet":"max-snippet:-1","max-image-preview":"max-image-preview:large","max-video-preview":"max-video-preview:-1"},"canonical":"https:\/\/demetrarb.com\/BG\/kontakt\/","og_locale":"sr_RS","og_type":"article","og_title":"Kontakt - Projektovanje, ure\u0111enje i odr\u017eavanje","og_description":"O\u010dekujemo Vas Posetite nas na na\u0161oj lokaciji u Beogradu, pozovite nas telefonom ili nama po\u0161aljite mejl sa pitanjem.Na\u0161i stru\u010dni saradnici pa\u017eljivo \u0107e obraditi sve Va\u0161e zahteve i prona\u0107i idealno re\u0161enje         Continue reading","og_url":"https:\/\/demetrarb.com\/BG\/kontakt\/","og_site_name":"Projektovanje, ure\u0111enje i odr\u017eavanje","article_publisher":"https:\/\/www.facebook.com\/demetra.rb","article_modified_time":"2021-10-31T07:55:28+00:00","og_image":[{"width":600,"height":293,"url":"https:\/\/demetrarb.com\/BG\/wp-content\/uploads\/2021\/05\/lokaciaj-e1621845772619.png","type":"image\/png"}],"twitter_card":"summary_large_image","twitter_misc":{"Procenjeno vreme \u010ditanja":"1 minut"},"schema":{"@context":"https:\/\/schema.org","@graph":[{"@type":"WebPage","@id":"https:\/\/demetrarb.com\/BG\/kontakt\/","url":"https:\/\/demetrarb.com\/BG\/kontakt\/","name":"Kontakt - Projektovanje, ure\u0111enje i odr\u017eavanje","isPartOf":{"@id":"https:\/\/demetrarb.com\/BG\/#website"},"primaryImageOfPage":{"@id":"https:\/\/demetrarb.com\/BG\/kontakt\/#primaryimage"},"image":{"@id":"https:\/\/demetrarb.com\/BG\/kontakt\/#primaryimage"},"thumbnailUrl":"https:\/\/demetrarb.com\/BG\/wp-content\/uploads\/2021\/05\/lokaciaj-e1621845772619.png","datePublished":"2021-04-06T19:02:16+00:00","dateModified":"2021-10-31T07:55:28+00:00","breadcrumb":{"@id":"https:\/\/demetrarb.com\/BG\/kontakt\/#breadcrumb"},"inLanguage":"sr-RS","potentialAction":[{"@type":"ReadAction","target":["https:\/\/demetrarb.com\/BG\/kontakt\/"]}]},{"@type":"ImageObject","inLanguage":"sr-RS","@id":"https:\/\/demetrarb.com\/BG\/kontakt\/#primaryimage","url":"https:\/\/demetrarb.com\/BG\/wp-content\/uploads\/2021\/05\/lokaciaj-e1621845772619.png","contentUrl":"https:\/\/demetrarb.com\/BG\/wp-content\/uploads\/2021\/05\/lokaciaj-e1621845772619.png","width":600,"height":293},{"@type":"BreadcrumbList","@id":"https:\/\/demetrarb.com\/BG\/kontakt\/#breadcrumb","itemListElement":[{"@type":"ListItem","position":1,"name":"\u041f\u043e\u0447\u0435\u0442\u043d\u0430","item":"https:\/\/demetrarb.com\/BG\/"},{"@type":"ListItem","position":2,"name":"Kontakt"}]},{"@type":"WebSite","@id":"https:\/\/demetrarb.com\/BG\/#website","url":"https:\/\/demetrarb.com\/BG\/","name":"Projektovanje, ure\u0111enje i odr\u017eavanje","description":"Projektujemo, izvodimo i odr\u017eavamo zelene povr\u0161ine","publisher":{"@id":"https:\/\/demetrarb.com\/BG\/#organization"},"potentialAction":[{"@type":"SearchAction","target":{"@type":"EntryPoint","urlTemplate":"https:\/\/demetrarb.com\/BG\/?s={search_term_string}"},"query-input":"required name=search_term_string"}],"inLanguage":"sr-RS"},{"@type":"Organization","@id":"https:\/\/demetrarb.com\/BG\/#organization","name":"Projektovanje, ure\u0111enje i odr\u017eavanje","url":"https:\/\/demetrarb.com\/BG\/","logo":{"@type":"ImageObject","inLanguage":"sr-RS","@id":"https:\/\/demetrarb.com\/BG\/#\/schema\/logo\/image\/","url":"https:\/\/demetrarb.com\/BG\/wp-content\/uploads\/2021\/06\/Demetra-RB-LOGO.jpg","contentUrl":"https:\/\/demetrarb.com\/BG\/wp-content\/uploads\/2021\/06\/Demetra-RB-LOGO.jpg","width":2088,"height":322,"caption":"Projektovanje, ure\u0111enje i odr\u017eavanje"},"image":{"@id":"https:\/\/demetrarb.com\/BG\/#\/schema\/logo\/image\/"},"sameAs":["https:\/\/www.facebook.com\/demetra.rb"]}]}},"_links":{"self":[{"href":"https:\/\/demetrarb.com\/BG\/wp-json\/wp\/v2\/pages\/13"}],"collection":[{"href":"https:\/\/demetrarb.com\/BG\/wp-json\/wp\/v2\/pages"}],"about":[{"href":"https:\/\/demetrarb.com\/BG\/wp-json\/wp\/v2\/types\/page"}],"author":[{"embeddable":true,"href":"https:\/\/demetrarb.com\/BG\/wp-json\/wp\/v2\/users\/1"}],"replies":[{"embeddable":true,"href":"https:\/\/demetrarb.com\/BG\/wp-json\/wp\/v2\/comments?post=13"}],"version-history":[{"count":86,"href":"https:\/\/demetrarb.com\/BG\/wp-json\/wp\/v2\/pages\/13\/revisions"}],"predecessor-version":[{"id":452,"href":"https:\/\/demetrarb.com\/BG\/wp-json\/wp\/v2\/pages\/13\/revisions\/452"}],"wp:featuredmedia":[{"embeddable":true,"href":"https:\/\/demetrarb.com\/BG\/wp-json\/wp\/v2\/media\/453"}],"wp:attachment":[{"href":"https:\/\/demetrarb.com\/BG\/wp-json\/wp\/v2\/media?parent=13"}],"curies":[{"name":"wp","href":"https:\/\/api.w.org\/{rel}","templated":true}]}}