{"id":160,"date":"2021-04-21T07:08:25","date_gmt":"2021-04-21T07:08:25","guid":{"rendered":"https:\/\/demetrarb.com\/BG\/?page_id=160"},"modified":"2021-07-04T12:24:03","modified_gmt":"2021-07-04T12:24:03","slug":"preduzece-za-projektovanje-izvodjenje-i-odrzavanje-zelenih-povrsina","status":"publish","type":"page","link":"https:\/\/demetrarb.com\/BG\/preduzece-za-projektovanje-izvodjenje-i-odrzavanje-zelenih-povrsina\/","title":{"rendered":"Preduze\u0107e za projektovanje, izvo\u0111enje i odr\u017eavanje zelenih povr\u0161ina"},"content":{"rendered":"\n<p><br>Demetra RB je preduze\u0107e specijalizovano za pru\u017eanje kompletnih profesionalnih usluga iz oblasti pejza\u017ene arhitekture i hortikulture.<br><br>Preduze\u0107e je osnovano 1992. godine sa sedi\u0161tem u Beogradu. Zahvaljuju\u0107i postavljanju visokih standarda u poslovanju preduze\u0107e je tokom godina steklo veliki broj korisnika usluga. Danas se smatra pouzdanim partnerom koji u svakom trenutku mo\u017ee da odgovori na sve zahteve svojih klijenata iz oblasti&nbsp;<a href=\"http:\/\/www.demetrarb.com\/o-nama\/delatnost.php\">projektovanja, izvo\u0111enja i odr\u017eavanja zelenih povr\u0161ina<\/a>.<\/p>\n\n\n\n<p>Na\u0161a&nbsp;<a href=\"http:\/\/demetrarb.com\/pages\/delatnost.php\">delatnost&nbsp;<\/a>obuhvata kompletnu uslugu na ure\u0111enju zelene povr\u0161ine, od dizajna do realizacije. U ponudi su izrada&nbsp;<a href=\"http:\/\/demetrarb.com\/pages\/idejna-resenja.php\">idejnog re\u0161enja<\/a>&nbsp;za Va\u0161u zelenu povr\u0161inu, saveti u vezi sa&nbsp;<a href=\"http:\/\/www.demetrarb.com\/uredenje-dvorista.php\">ure\u0111enjem dvori\u0161ta<\/a>, izvo\u0111enje zemljanih radova,&nbsp;<a href=\"http:\/\/www.demetrarb.com\/izbor-biljaka.php\">ozelenjavanje<\/a>&nbsp;i sadnja biljaka, projektovanje i izvo\u0111enje&nbsp;<a href=\"http:\/\/www.demetrarb.com\/sistem-za-zalivanje.php\">sistema za navodnjavanje<\/a>&nbsp;(sistem kap po kap i automatski pop \u2013 up sistemi),&nbsp;<a href=\"http:\/\/www.demetrarb.com\/travni-tepih.php\">postavljanje tepih trave<\/a>,&nbsp;<a href=\"http:\/\/www.demetrarb.com\/zasnivanje-travnjaka-setvom-semena.php\">setva trave<\/a>, biodekoracija enterijera i odr\u017eavanje biljaka u enterijeru, odr\u017eavanje zelenih povr\u0161ina koje podrazumeva ko\u0161enje travnjaka, sanitarnu se\u010du stabala i orezivanje biljaka, prihranu biljaka, zalivanje, suzbijanje korova, i ostale aktivnosti.<\/p>\n\n\n\n<blockquote class=\"wp-block-quote\"><p><strong>Ono \u0161to nas preporu\u010duje je to \u0161to:<\/strong><\/p><cite>&#8211; poznajemo i po\u0161tujemo prirodu,<br>&#8211; uva\u017eavamo i \u0161titimo interes klijenta,\u00a0<br>&#8211; posedujemo znanje, iskustvo i efikasnost.<\/cite><\/blockquote>\n","protected":false},"excerpt":{"rendered":"<p>Demetra RB je preduze\u0107e specijalizovano za pru\u017eanje kompletnih profesionalnih usluga iz oblasti pejza\u017ene arhitekture i hortikulture. Preduze\u0107e je osnovano 1992. godine sa sedi\u0161tem u Beogradu. Zahvaljuju\u0107i postavljanju visokih standarda u<\/p>\n<p>\n                <span class=\"glyphicon glyphicon-arrow-right\"><a title=\"Continue reading\" href=\"https:\/\/demetrarb.com\/BG\/preduzece-za-projektovanje-izvodjenje-i-odrzavanje-zelenih-povrsina\/\">Continue reading<\/a><\/span><\/p>\n","protected":false},"author":1,"featured_media":195,"parent":0,"menu_order":0,"comment_status":"closed","ping_status":"closed","template":"","meta":{"footnotes":""},"yoast_head":"<!-- This site is optimized with the Yoast SEO plugin v22.3 - https:\/\/yoast.com\/wordpress\/plugins\/seo\/ -->\n<title>Preduze\u0107e za projektovanje, izvo\u0111enje i odr\u017eavanje zelenih povr\u0161ina - Projektovanje, ure\u0111enje i odr\u017eavanje<\/title>\n<meta name=\"robots\" content=\"index, follow, max-snippet:-1, max-image-preview:large, max-video-preview:-1\" \/>\n<link rel=\"canonical\" href=\"https:\/\/demetrarb.com\/BG\/preduzece-za-projektovanje-izvodjenje-i-odrzavanje-zelenih-povrsina\/\" \/>\n<meta property=\"og:locale\" content=\"sr_RS\" \/>\n<meta property=\"og:type\" content=\"article\" \/>\n<meta property=\"og:title\" content=\"Preduze\u0107e za projektovanje, izvo\u0111enje i odr\u017eavanje zelenih povr\u0161ina - Projektovanje, ure\u0111enje i odr\u017eavanje\" \/>\n<meta property=\"og:description\" content=\"Demetra RB je preduze\u0107e specijalizovano za pru\u017eanje kompletnih profesionalnih usluga iz oblasti pejza\u017ene arhitekture i hortikulture. Preduze\u0107e je osnovano 1992. godine sa sedi\u0161tem u Beogradu. Zahvaljuju\u0107i postavljanju visokih standarda u         Continue reading\" \/>\n<meta property=\"og:url\" content=\"https:\/\/demetrarb.com\/BG\/preduzece-za-projektovanje-izvodjenje-i-odrzavanje-zelenih-povrsina\/\" \/>\n<meta property=\"og:site_name\" content=\"Projektovanje, ure\u0111enje i odr\u017eavanje\" \/>\n<meta property=\"article:publisher\" content=\"https:\/\/www.facebook.com\/demetra.rb\" \/>\n<meta property=\"article:modified_time\" content=\"2021-07-04T12:24:03+00:00\" \/>\n<meta property=\"og:image\" content=\"https:\/\/demetrarb.com\/BG\/wp-content\/uploads\/2021\/05\/10.jpg\" \/>\n\t<meta property=\"og:image:width\" content=\"1920\" \/>\n\t<meta property=\"og:image:height\" content=\"783\" \/>\n\t<meta property=\"og:image:type\" content=\"image\/jpeg\" \/>\n<meta name=\"twitter:card\" content=\"summary_large_image\" \/>\n<meta name=\"twitter:label1\" content=\"Procenjeno vreme \u010ditanja\" \/>\n\t<meta name=\"twitter:data1\" content=\"1 minut\" \/>\n<script type=\"application\/ld+json\" class=\"yoast-schema-graph\">{\"@context\":\"https:\/\/schema.org\",\"@graph\":[{\"@type\":\"WebPage\",\"@id\":\"https:\/\/demetrarb.com\/BG\/preduzece-za-projektovanje-izvodjenje-i-odrzavanje-zelenih-povrsina\/\",\"url\":\"https:\/\/demetrarb.com\/BG\/preduzece-za-projektovanje-izvodjenje-i-odrzavanje-zelenih-povrsina\/\",\"name\":\"Preduze\u0107e za projektovanje, izvo\u0111enje i odr\u017eavanje zelenih povr\u0161ina - Projektovanje, ure\u0111enje i odr\u017eavanje\",\"isPartOf\":{\"@id\":\"https:\/\/demetrarb.com\/BG\/#website\"},\"primaryImageOfPage\":{\"@id\":\"https:\/\/demetrarb.com\/BG\/preduzece-za-projektovanje-izvodjenje-i-odrzavanje-zelenih-povrsina\/#primaryimage\"},\"image\":{\"@id\":\"https:\/\/demetrarb.com\/BG\/preduzece-za-projektovanje-izvodjenje-i-odrzavanje-zelenih-povrsina\/#primaryimage\"},\"thumbnailUrl\":\"https:\/\/demetrarb.com\/BG\/wp-content\/uploads\/2021\/05\/10.jpg\",\"datePublished\":\"2021-04-21T07:08:25+00:00\",\"dateModified\":\"2021-07-04T12:24:03+00:00\",\"breadcrumb\":{\"@id\":\"https:\/\/demetrarb.com\/BG\/preduzece-za-projektovanje-izvodjenje-i-odrzavanje-zelenih-povrsina\/#breadcrumb\"},\"inLanguage\":\"sr-RS\",\"potentialAction\":[{\"@type\":\"ReadAction\",\"target\":[\"https:\/\/demetrarb.com\/BG\/preduzece-za-projektovanje-izvodjenje-i-odrzavanje-zelenih-povrsina\/\"]}]},{\"@type\":\"ImageObject\",\"inLanguage\":\"sr-RS\",\"@id\":\"https:\/\/demetrarb.com\/BG\/preduzece-za-projektovanje-izvodjenje-i-odrzavanje-zelenih-povrsina\/#primaryimage\",\"url\":\"https:\/\/demetrarb.com\/BG\/wp-content\/uploads\/2021\/05\/10.jpg\",\"contentUrl\":\"https:\/\/demetrarb.com\/BG\/wp-content\/uploads\/2021\/05\/10.jpg\",\"width\":1920,\"height\":783},{\"@type\":\"BreadcrumbList\",\"@id\":\"https:\/\/demetrarb.com\/BG\/preduzece-za-projektovanje-izvodjenje-i-odrzavanje-zelenih-povrsina\/#breadcrumb\",\"itemListElement\":[{\"@type\":\"ListItem\",\"position\":1,\"name\":\"\u041f\u043e\u0447\u0435\u0442\u043d\u0430\",\"item\":\"https:\/\/demetrarb.com\/BG\/\"},{\"@type\":\"ListItem\",\"position\":2,\"name\":\"Preduze\u0107e za projektovanje, izvo\u0111enje i odr\u017eavanje zelenih povr\u0161ina\"}]},{\"@type\":\"WebSite\",\"@id\":\"https:\/\/demetrarb.com\/BG\/#website\",\"url\":\"https:\/\/demetrarb.com\/BG\/\",\"name\":\"Projektovanje, ure\u0111enje i odr\u017eavanje\",\"description\":\"Projektujemo, izvodimo i odr\u017eavamo zelene povr\u0161ine\",\"publisher\":{\"@id\":\"https:\/\/demetrarb.com\/BG\/#organization\"},\"potentialAction\":[{\"@type\":\"SearchAction\",\"target\":{\"@type\":\"EntryPoint\",\"urlTemplate\":\"https:\/\/demetrarb.com\/BG\/?s={search_term_string}\"},\"query-input\":\"required name=search_term_string\"}],\"inLanguage\":\"sr-RS\"},{\"@type\":\"Organization\",\"@id\":\"https:\/\/demetrarb.com\/BG\/#organization\",\"name\":\"Projektovanje, ure\u0111enje i odr\u017eavanje\",\"url\":\"https:\/\/demetrarb.com\/BG\/\",\"logo\":{\"@type\":\"ImageObject\",\"inLanguage\":\"sr-RS\",\"@id\":\"https:\/\/demetrarb.com\/BG\/#\/schema\/logo\/image\/\",\"url\":\"https:\/\/demetrarb.com\/BG\/wp-content\/uploads\/2021\/06\/Demetra-RB-LOGO.jpg\",\"contentUrl\":\"https:\/\/demetrarb.com\/BG\/wp-content\/uploads\/2021\/06\/Demetra-RB-LOGO.jpg\",\"width\":2088,\"height\":322,\"caption\":\"Projektovanje, ure\u0111enje i odr\u017eavanje\"},\"image\":{\"@id\":\"https:\/\/demetrarb.com\/BG\/#\/schema\/logo\/image\/\"},\"sameAs\":[\"https:\/\/www.facebook.com\/demetra.rb\"]}]}<\/script>\n<!-- \/ Yoast SEO plugin. -->","yoast_head_json":{"title":"Preduze\u0107e za projektovanje, izvo\u0111enje i odr\u017eavanje zelenih povr\u0161ina - Projektovanje, ure\u0111enje i odr\u017eavanje","robots":{"index":"index","follow":"follow","max-snippet":"max-snippet:-1","max-image-preview":"max-image-preview:large","max-video-preview":"max-video-preview:-1"},"canonical":"https:\/\/demetrarb.com\/BG\/preduzece-za-projektovanje-izvodjenje-i-odrzavanje-zelenih-povrsina\/","og_locale":"sr_RS","og_type":"article","og_title":"Preduze\u0107e za projektovanje, izvo\u0111enje i odr\u017eavanje zelenih povr\u0161ina - Projektovanje, ure\u0111enje i odr\u017eavanje","og_description":"Demetra RB je preduze\u0107e specijalizovano za pru\u017eanje kompletnih profesionalnih usluga iz oblasti pejza\u017ene arhitekture i hortikulture. Preduze\u0107e je osnovano 1992. godine sa sedi\u0161tem u Beogradu. Zahvaljuju\u0107i postavljanju visokih standarda u         Continue reading","og_url":"https:\/\/demetrarb.com\/BG\/preduzece-za-projektovanje-izvodjenje-i-odrzavanje-zelenih-povrsina\/","og_site_name":"Projektovanje, ure\u0111enje i odr\u017eavanje","article_publisher":"https:\/\/www.facebook.com\/demetra.rb","article_modified_time":"2021-07-04T12:24:03+00:00","og_image":[{"width":1920,"height":783,"url":"https:\/\/demetrarb.com\/BG\/wp-content\/uploads\/2021\/05\/10.jpg","type":"image\/jpeg"}],"twitter_card":"summary_large_image","twitter_misc":{"Procenjeno vreme \u010ditanja":"1 minut"},"schema":{"@context":"https:\/\/schema.org","@graph":[{"@type":"WebPage","@id":"https:\/\/demetrarb.com\/BG\/preduzece-za-projektovanje-izvodjenje-i-odrzavanje-zelenih-povrsina\/","url":"https:\/\/demetrarb.com\/BG\/preduzece-za-projektovanje-izvodjenje-i-odrzavanje-zelenih-povrsina\/","name":"Preduze\u0107e za projektovanje, izvo\u0111enje i odr\u017eavanje zelenih povr\u0161ina - Projektovanje, ure\u0111enje i odr\u017eavanje","isPartOf":{"@id":"https:\/\/demetrarb.com\/BG\/#website"},"primaryImageOfPage":{"@id":"https:\/\/demetrarb.com\/BG\/preduzece-za-projektovanje-izvodjenje-i-odrzavanje-zelenih-povrsina\/#primaryimage"},"image":{"@id":"https:\/\/demetrarb.com\/BG\/preduzece-za-projektovanje-izvodjenje-i-odrzavanje-zelenih-povrsina\/#primaryimage"},"thumbnailUrl":"https:\/\/demetrarb.com\/BG\/wp-content\/uploads\/2021\/05\/10.jpg","datePublished":"2021-04-21T07:08:25+00:00","dateModified":"2021-07-04T12:24:03+00:00","breadcrumb":{"@id":"https:\/\/demetrarb.com\/BG\/preduzece-za-projektovanje-izvodjenje-i-odrzavanje-zelenih-povrsina\/#breadcrumb"},"inLanguage":"sr-RS","potentialAction":[{"@type":"ReadAction","target":["https:\/\/demetrarb.com\/BG\/preduzece-za-projektovanje-izvodjenje-i-odrzavanje-zelenih-povrsina\/"]}]},{"@type":"ImageObject","inLanguage":"sr-RS","@id":"https:\/\/demetrarb.com\/BG\/preduzece-za-projektovanje-izvodjenje-i-odrzavanje-zelenih-povrsina\/#primaryimage","url":"https:\/\/demetrarb.com\/BG\/wp-content\/uploads\/2021\/05\/10.jpg","contentUrl":"https:\/\/demetrarb.com\/BG\/wp-content\/uploads\/2021\/05\/10.jpg","width":1920,"height":783},{"@type":"BreadcrumbList","@id":"https:\/\/demetrarb.com\/BG\/preduzece-za-projektovanje-izvodjenje-i-odrzavanje-zelenih-povrsina\/#breadcrumb","itemListElement":[{"@type":"ListItem","position":1,"name":"\u041f\u043e\u0447\u0435\u0442\u043d\u0430","item":"https:\/\/demetrarb.com\/BG\/"},{"@type":"ListItem","position":2,"name":"Preduze\u0107e za projektovanje, izvo\u0111enje i odr\u017eavanje zelenih povr\u0161ina"}]},{"@type":"WebSite","@id":"https:\/\/demetrarb.com\/BG\/#website","url":"https:\/\/demetrarb.com\/BG\/","name":"Projektovanje, ure\u0111enje i odr\u017eavanje","description":"Projektujemo, izvodimo i odr\u017eavamo zelene povr\u0161ine","publisher":{"@id":"https:\/\/demetrarb.com\/BG\/#organization"},"potentialAction":[{"@type":"SearchAction","target":{"@type":"EntryPoint","urlTemplate":"https:\/\/demetrarb.com\/BG\/?s={search_term_string}"},"query-input":"required name=search_term_string"}],"inLanguage":"sr-RS"},{"@type":"Organization","@id":"https:\/\/demetrarb.com\/BG\/#organization","name":"Projektovanje, ure\u0111enje i odr\u017eavanje","url":"https:\/\/demetrarb.com\/BG\/","logo":{"@type":"ImageObject","inLanguage":"sr-RS","@id":"https:\/\/demetrarb.com\/BG\/#\/schema\/logo\/image\/","url":"https:\/\/demetrarb.com\/BG\/wp-content\/uploads\/2021\/06\/Demetra-RB-LOGO.jpg","contentUrl":"https:\/\/demetrarb.com\/BG\/wp-content\/uploads\/2021\/06\/Demetra-RB-LOGO.jpg","width":2088,"height":322,"caption":"Projektovanje, ure\u0111enje i odr\u017eavanje"},"image":{"@id":"https:\/\/demetrarb.com\/BG\/#\/schema\/logo\/image\/"},"sameAs":["https:\/\/www.facebook.com\/demetra.rb"]}]}},"_links":{"self":[{"href":"https:\/\/demetrarb.com\/BG\/wp-json\/wp\/v2\/pages\/160"}],"collection":[{"href":"https:\/\/demetrarb.com\/BG\/wp-json\/wp\/v2\/pages"}],"about":[{"href":"https:\/\/demetrarb.com\/BG\/wp-json\/wp\/v2\/types\/page"}],"author":[{"embeddable":true,"href":"https:\/\/demetrarb.com\/BG\/wp-json\/wp\/v2\/users\/1"}],"replies":[{"embeddable":true,"href":"https:\/\/demetrarb.com\/BG\/wp-json\/wp\/v2\/comments?post=160"}],"version-history":[{"count":6,"href":"https:\/\/demetrarb.com\/BG\/wp-json\/wp\/v2\/pages\/160\/revisions"}],"predecessor-version":[{"id":254,"href":"https:\/\/demetrarb.com\/BG\/wp-json\/wp\/v2\/pages\/160\/revisions\/254"}],"wp:featuredmedia":[{"embeddable":true,"href":"https:\/\/demetrarb.com\/BG\/wp-json\/wp\/v2\/media\/195"}],"wp:attachment":[{"href":"https:\/\/demetrarb.com\/BG\/wp-json\/wp\/v2\/media?parent=160"}],"curies":[{"name":"wp","href":"https:\/\/api.w.org\/{rel}","templated":true}]}}