{"id":484,"date":"2021-07-04T10:20:15","date_gmt":"2021-07-04T10:20:15","guid":{"rendered":"https:\/\/demetrarb.com\/BG\/?page_id=484"},"modified":"2021-07-04T12:54:27","modified_gmt":"2021-07-04T12:54:27","slug":"proces-rada","status":"publish","type":"page","link":"https:\/\/demetrarb.com\/BG\/proces-rada\/","title":{"rendered":"Delatnost"},"content":{"rendered":"\n<p><strong>PROJEKTOVANJE ZELENIH POVR\u0160INA<\/strong><\/p>\n\n\n\n<p>U okviru delatnosti planiranja i projektovanja Demetra RB nudi izradu savremenih idejnih re\u0161enja i glavnih projekata za&nbsp;<a href=\"http:\/\/www.demetrarb.com\/galerija.php\">ure\u0111enje zelenih povr\u0161ina eksterijera<\/a>, dizajn vrta, ure\u0111enje dvori\u0161ta, javnih i komercijalnih prostora,&nbsp;<a href=\"http:\/\/www.demetrarb.com\/sistem-za-zalivanje.php\">projektovanje sistema za navodnjavanje<\/a>, ure\u0111enje terasa i \u017eardinjera, biodekoracije enterijera i usluge iz oblasti pejza\u017ene ahitekture i hortikulture. Detaljnije&nbsp;<a href=\"http:\/\/www.demetrarb.com\/projektovanje-zelenih-povrsina.php\">OVDE&#8230;<\/a><\/p>\n\n\n\n<p><strong>IZVO\u0110ENJE ZELENIH POVR\u0160INA<\/strong><\/p>\n\n\n\n<p>U okviru izvo\u0111enja radova u ponudi su:&nbsp;<a href=\"https:\/\/www.youtube.com\/watch?v=9BnWUnaB6Vo&amp;feature=youtu.be\">kr\u010denje terena<\/a>, \u010di\u0161\u0107enje od \u0161uta i priprema terena, zemljani radovi, ure\u0111enje ba\u0161te i vrta, sadnja biljaka,&nbsp;<a href=\"http:\/\/www.demetrarb.com\/sistem-za-zalivanje.php\">ugradnja sistema za zalivanje<\/a>&nbsp;(automatski pop-up sistemi za zalivanje i sistemi za zalivanje &#8222;kap po kap&#8220;), izgradnja fontana i jezera, izrada alpinetuma, ozelenjavanje fasada,&nbsp;<a href=\"http:\/\/www.demetrarb.com\/travnjaci.php\">zasnivanje travnjaka<\/a>&nbsp;(<a href=\"http:\/\/www.demetrarb.com\/zasnivanje-travnjaka-setvom-semena.php\">setva trave<\/a>&nbsp;ili&nbsp;<a href=\"http:\/\/www.demetrarb.com\/travni-tepih.php\">tepih trava<\/a>, odnosno travni busen), nabavka saksija, \u017eardinjera i ukrasnih biljaka za enterijer. Detaljnije&nbsp;<a href=\"http:\/\/www.demetrarb.com\/izvodenje-zelenih-povrsina.php\">OVDE&#8230;<\/a><\/p>\n\n\n\n<p><strong>ODR\u017dAVANJE ZELENIH POVR\u0160INA<\/strong><\/p>\n\n\n\n<p><a href=\"http:\/\/www.demetrarb.com\/galerija.php\">Odr\u017eavanje zelenih povr\u0161ina<\/a>&nbsp;podrazumeva ure\u0111enje dvori\u0161ta, redovno ko\u0161enje trave, suzbijanje \u0161irokolisnih korova u travnjaku, orezivanje biljaka, prihranu travnjaka, prihranu sezonskih i vi\u0161egodi\u0161njih biljaka, sakupljanje li\u0161\u0107a, odr\u017eavanje sistema za zalivanje &#8211; pode\u0161avanje prskalica i redovna kontrola sistema sa pode\u0161avanjem protoka vode, oro\u0161avanje, zalivanje i prihranu biljaka u enterijeru. Detaljnije&nbsp;<a href=\"http:\/\/www.demetrarb.com\/odrzavanje-zelenih-povrsina.php\">OVDE&#8230;<\/a><\/p>\n\n\n\n<p><strong>ZIMSKA SLU\u017dBA<\/strong><\/p>\n\n\n\n<p>Vr\u0161imo \u010di\u0161\u0107enje i uklanjanje snega sa povr\u0161ina oko stambenih i poslovnih objekata upotrebom mehanizacije i ru\u010dno, uz kori\u0161\u0107enje sredstava za otapanje snega. Detaljniije&nbsp;<a href=\"http:\/\/www.demetrarb.com\/zimska-sluzba.php\">OVDE&#8230;<\/a><\/p>\n","protected":false},"excerpt":{"rendered":"<p>PROJEKTOVANJE ZELENIH POVR\u0160INA U okviru delatnosti planiranja i projektovanja Demetra RB nudi izradu savremenih idejnih re\u0161enja i glavnih projekata za&nbsp;ure\u0111enje zelenih povr\u0161ina eksterijera, dizajn vrta, ure\u0111enje dvori\u0161ta, javnih i komercijalnih<\/p>\n<p>\n                <span class=\"glyphicon glyphicon-arrow-right\"><a title=\"Continue reading\" href=\"https:\/\/demetrarb.com\/BG\/proces-rada\/\">Continue reading<\/a><\/span><\/p>\n","protected":false},"author":1,"featured_media":428,"parent":0,"menu_order":0,"comment_status":"closed","ping_status":"closed","template":"","meta":{"footnotes":""},"yoast_head":"<!-- This site is optimized with the Yoast SEO plugin v22.3 - https:\/\/yoast.com\/wordpress\/plugins\/seo\/ -->\n<title>Delatnost - Projektovanje, ure\u0111enje i odr\u017eavanje<\/title>\n<meta name=\"robots\" content=\"index, follow, max-snippet:-1, max-image-preview:large, max-video-preview:-1\" \/>\n<link rel=\"canonical\" href=\"https:\/\/demetrarb.com\/BG\/proces-rada\/\" \/>\n<meta property=\"og:locale\" content=\"sr_RS\" \/>\n<meta property=\"og:type\" content=\"article\" \/>\n<meta property=\"og:title\" content=\"Delatnost - Projektovanje, ure\u0111enje i odr\u017eavanje\" \/>\n<meta property=\"og:description\" content=\"PROJEKTOVANJE ZELENIH POVR\u0160INA U okviru delatnosti planiranja i projektovanja Demetra RB nudi izradu savremenih idejnih re\u0161enja i glavnih projekata za&nbsp;ure\u0111enje zelenih povr\u0161ina eksterijera, dizajn vrta, ure\u0111enje dvori\u0161ta, javnih i komercijalnih         Continue reading\" \/>\n<meta property=\"og:url\" content=\"https:\/\/demetrarb.com\/BG\/proces-rada\/\" \/>\n<meta property=\"og:site_name\" content=\"Projektovanje, ure\u0111enje i odr\u017eavanje\" \/>\n<meta property=\"article:publisher\" content=\"https:\/\/www.facebook.com\/demetra.rb\" \/>\n<meta property=\"article:modified_time\" content=\"2021-07-04T12:54:27+00:00\" \/>\n<meta property=\"og:image\" content=\"https:\/\/demetrarb.com\/BG\/wp-content\/uploads\/2021\/05\/7.2-Izvedeni-radovi.jpg\" \/>\n\t<meta property=\"og:image:width\" content=\"640\" \/>\n\t<meta property=\"og:image:height\" content=\"480\" \/>\n\t<meta property=\"og:image:type\" content=\"image\/jpeg\" \/>\n<meta name=\"twitter:card\" content=\"summary_large_image\" \/>\n<meta name=\"twitter:label1\" content=\"Procenjeno vreme \u010ditanja\" \/>\n\t<meta name=\"twitter:data1\" content=\"1 minut\" \/>\n<script type=\"application\/ld+json\" class=\"yoast-schema-graph\">{\"@context\":\"https:\/\/schema.org\",\"@graph\":[{\"@type\":\"WebPage\",\"@id\":\"https:\/\/demetrarb.com\/BG\/proces-rada\/\",\"url\":\"https:\/\/demetrarb.com\/BG\/proces-rada\/\",\"name\":\"Delatnost - Projektovanje, ure\u0111enje i odr\u017eavanje\",\"isPartOf\":{\"@id\":\"https:\/\/demetrarb.com\/BG\/#website\"},\"primaryImageOfPage\":{\"@id\":\"https:\/\/demetrarb.com\/BG\/proces-rada\/#primaryimage\"},\"image\":{\"@id\":\"https:\/\/demetrarb.com\/BG\/proces-rada\/#primaryimage\"},\"thumbnailUrl\":\"https:\/\/demetrarb.com\/BG\/wp-content\/uploads\/2021\/05\/7.2-Izvedeni-radovi.jpg\",\"datePublished\":\"2021-07-04T10:20:15+00:00\",\"dateModified\":\"2021-07-04T12:54:27+00:00\",\"breadcrumb\":{\"@id\":\"https:\/\/demetrarb.com\/BG\/proces-rada\/#breadcrumb\"},\"inLanguage\":\"sr-RS\",\"potentialAction\":[{\"@type\":\"ReadAction\",\"target\":[\"https:\/\/demetrarb.com\/BG\/proces-rada\/\"]}]},{\"@type\":\"ImageObject\",\"inLanguage\":\"sr-RS\",\"@id\":\"https:\/\/demetrarb.com\/BG\/proces-rada\/#primaryimage\",\"url\":\"https:\/\/demetrarb.com\/BG\/wp-content\/uploads\/2021\/05\/7.2-Izvedeni-radovi.jpg\",\"contentUrl\":\"https:\/\/demetrarb.com\/BG\/wp-content\/uploads\/2021\/05\/7.2-Izvedeni-radovi.jpg\",\"width\":640,\"height\":480},{\"@type\":\"BreadcrumbList\",\"@id\":\"https:\/\/demetrarb.com\/BG\/proces-rada\/#breadcrumb\",\"itemListElement\":[{\"@type\":\"ListItem\",\"position\":1,\"name\":\"\u041f\u043e\u0447\u0435\u0442\u043d\u0430\",\"item\":\"https:\/\/demetrarb.com\/BG\/\"},{\"@type\":\"ListItem\",\"position\":2,\"name\":\"Delatnost\"}]},{\"@type\":\"WebSite\",\"@id\":\"https:\/\/demetrarb.com\/BG\/#website\",\"url\":\"https:\/\/demetrarb.com\/BG\/\",\"name\":\"Projektovanje, ure\u0111enje i odr\u017eavanje\",\"description\":\"Projektujemo, izvodimo i odr\u017eavamo zelene povr\u0161ine\",\"publisher\":{\"@id\":\"https:\/\/demetrarb.com\/BG\/#organization\"},\"potentialAction\":[{\"@type\":\"SearchAction\",\"target\":{\"@type\":\"EntryPoint\",\"urlTemplate\":\"https:\/\/demetrarb.com\/BG\/?s={search_term_string}\"},\"query-input\":\"required name=search_term_string\"}],\"inLanguage\":\"sr-RS\"},{\"@type\":\"Organization\",\"@id\":\"https:\/\/demetrarb.com\/BG\/#organization\",\"name\":\"Projektovanje, ure\u0111enje i odr\u017eavanje\",\"url\":\"https:\/\/demetrarb.com\/BG\/\",\"logo\":{\"@type\":\"ImageObject\",\"inLanguage\":\"sr-RS\",\"@id\":\"https:\/\/demetrarb.com\/BG\/#\/schema\/logo\/image\/\",\"url\":\"https:\/\/demetrarb.com\/BG\/wp-content\/uploads\/2021\/06\/Demetra-RB-LOGO.jpg\",\"contentUrl\":\"https:\/\/demetrarb.com\/BG\/wp-content\/uploads\/2021\/06\/Demetra-RB-LOGO.jpg\",\"width\":2088,\"height\":322,\"caption\":\"Projektovanje, ure\u0111enje i odr\u017eavanje\"},\"image\":{\"@id\":\"https:\/\/demetrarb.com\/BG\/#\/schema\/logo\/image\/\"},\"sameAs\":[\"https:\/\/www.facebook.com\/demetra.rb\"]}]}<\/script>\n<!-- \/ Yoast SEO plugin. -->","yoast_head_json":{"title":"Delatnost - Projektovanje, ure\u0111enje i odr\u017eavanje","robots":{"index":"index","follow":"follow","max-snippet":"max-snippet:-1","max-image-preview":"max-image-preview:large","max-video-preview":"max-video-preview:-1"},"canonical":"https:\/\/demetrarb.com\/BG\/proces-rada\/","og_locale":"sr_RS","og_type":"article","og_title":"Delatnost - Projektovanje, ure\u0111enje i odr\u017eavanje","og_description":"PROJEKTOVANJE ZELENIH POVR\u0160INA U okviru delatnosti planiranja i projektovanja Demetra RB nudi izradu savremenih idejnih re\u0161enja i glavnih projekata za&nbsp;ure\u0111enje zelenih povr\u0161ina eksterijera, dizajn vrta, ure\u0111enje dvori\u0161ta, javnih i komercijalnih         Continue reading","og_url":"https:\/\/demetrarb.com\/BG\/proces-rada\/","og_site_name":"Projektovanje, ure\u0111enje i odr\u017eavanje","article_publisher":"https:\/\/www.facebook.com\/demetra.rb","article_modified_time":"2021-07-04T12:54:27+00:00","og_image":[{"width":640,"height":480,"url":"https:\/\/demetrarb.com\/BG\/wp-content\/uploads\/2021\/05\/7.2-Izvedeni-radovi.jpg","type":"image\/jpeg"}],"twitter_card":"summary_large_image","twitter_misc":{"Procenjeno vreme \u010ditanja":"1 minut"},"schema":{"@context":"https:\/\/schema.org","@graph":[{"@type":"WebPage","@id":"https:\/\/demetrarb.com\/BG\/proces-rada\/","url":"https:\/\/demetrarb.com\/BG\/proces-rada\/","name":"Delatnost - Projektovanje, ure\u0111enje i odr\u017eavanje","isPartOf":{"@id":"https:\/\/demetrarb.com\/BG\/#website"},"primaryImageOfPage":{"@id":"https:\/\/demetrarb.com\/BG\/proces-rada\/#primaryimage"},"image":{"@id":"https:\/\/demetrarb.com\/BG\/proces-rada\/#primaryimage"},"thumbnailUrl":"https:\/\/demetrarb.com\/BG\/wp-content\/uploads\/2021\/05\/7.2-Izvedeni-radovi.jpg","datePublished":"2021-07-04T10:20:15+00:00","dateModified":"2021-07-04T12:54:27+00:00","breadcrumb":{"@id":"https:\/\/demetrarb.com\/BG\/proces-rada\/#breadcrumb"},"inLanguage":"sr-RS","potentialAction":[{"@type":"ReadAction","target":["https:\/\/demetrarb.com\/BG\/proces-rada\/"]}]},{"@type":"ImageObject","inLanguage":"sr-RS","@id":"https:\/\/demetrarb.com\/BG\/proces-rada\/#primaryimage","url":"https:\/\/demetrarb.com\/BG\/wp-content\/uploads\/2021\/05\/7.2-Izvedeni-radovi.jpg","contentUrl":"https:\/\/demetrarb.com\/BG\/wp-content\/uploads\/2021\/05\/7.2-Izvedeni-radovi.jpg","width":640,"height":480},{"@type":"BreadcrumbList","@id":"https:\/\/demetrarb.com\/BG\/proces-rada\/#breadcrumb","itemListElement":[{"@type":"ListItem","position":1,"name":"\u041f\u043e\u0447\u0435\u0442\u043d\u0430","item":"https:\/\/demetrarb.com\/BG\/"},{"@type":"ListItem","position":2,"name":"Delatnost"}]},{"@type":"WebSite","@id":"https:\/\/demetrarb.com\/BG\/#website","url":"https:\/\/demetrarb.com\/BG\/","name":"Projektovanje, ure\u0111enje i odr\u017eavanje","description":"Projektujemo, izvodimo i odr\u017eavamo zelene povr\u0161ine","publisher":{"@id":"https:\/\/demetrarb.com\/BG\/#organization"},"potentialAction":[{"@type":"SearchAction","target":{"@type":"EntryPoint","urlTemplate":"https:\/\/demetrarb.com\/BG\/?s={search_term_string}"},"query-input":"required name=search_term_string"}],"inLanguage":"sr-RS"},{"@type":"Organization","@id":"https:\/\/demetrarb.com\/BG\/#organization","name":"Projektovanje, ure\u0111enje i odr\u017eavanje","url":"https:\/\/demetrarb.com\/BG\/","logo":{"@type":"ImageObject","inLanguage":"sr-RS","@id":"https:\/\/demetrarb.com\/BG\/#\/schema\/logo\/image\/","url":"https:\/\/demetrarb.com\/BG\/wp-content\/uploads\/2021\/06\/Demetra-RB-LOGO.jpg","contentUrl":"https:\/\/demetrarb.com\/BG\/wp-content\/uploads\/2021\/06\/Demetra-RB-LOGO.jpg","width":2088,"height":322,"caption":"Projektovanje, ure\u0111enje i odr\u017eavanje"},"image":{"@id":"https:\/\/demetrarb.com\/BG\/#\/schema\/logo\/image\/"},"sameAs":["https:\/\/www.facebook.com\/demetra.rb"]}]}},"_links":{"self":[{"href":"https:\/\/demetrarb.com\/BG\/wp-json\/wp\/v2\/pages\/484"}],"collection":[{"href":"https:\/\/demetrarb.com\/BG\/wp-json\/wp\/v2\/pages"}],"about":[{"href":"https:\/\/demetrarb.com\/BG\/wp-json\/wp\/v2\/types\/page"}],"author":[{"embeddable":true,"href":"https:\/\/demetrarb.com\/BG\/wp-json\/wp\/v2\/users\/1"}],"replies":[{"embeddable":true,"href":"https:\/\/demetrarb.com\/BG\/wp-json\/wp\/v2\/comments?post=484"}],"version-history":[{"count":3,"href":"https:\/\/demetrarb.com\/BG\/wp-json\/wp\/v2\/pages\/484\/revisions"}],"predecessor-version":[{"id":498,"href":"https:\/\/demetrarb.com\/BG\/wp-json\/wp\/v2\/pages\/484\/revisions\/498"}],"wp:featuredmedia":[{"embeddable":true,"href":"https:\/\/demetrarb.com\/BG\/wp-json\/wp\/v2\/media\/428"}],"wp:attachment":[{"href":"https:\/\/demetrarb.com\/BG\/wp-json\/wp\/v2\/media?parent=484"}],"curies":[{"name":"wp","href":"https:\/\/api.w.org\/{rel}","templated":true}]}}