{"id":487,"date":"2021-07-04T12:20:40","date_gmt":"2021-07-04T12:20:40","guid":{"rendered":"https:\/\/demetrarb.com\/BG\/?page_id=487"},"modified":"2021-07-04T12:24:03","modified_gmt":"2021-07-04T12:24:03","slug":"pejzazna-arhitektura-i-hortikultura","status":"publish","type":"page","link":"https:\/\/demetrarb.com\/BG\/pejzazna-arhitektura-i-hortikultura\/","title":{"rendered":"Pejza\u017ena arhitektura i hortikultura"},"content":{"rendered":"\n<p>Pejza\u017ena arhitektura&nbsp;je&nbsp;profesija&nbsp;koja se bavi oblikovanjem&nbsp;pejza\u017ea. Bilo da je u pitanju izgra\u0111eni ili prirodni predeo, mali urbani vrt ili sistem otvorenih prostora \u010ditavog grada, u planiranju se polazi od ekolo\u0161kih uslova, potreba \u010doveka i zajednice, a uzima se u obzir budu\u0107e upravljanje i odr\u017eavanje datih prostora. &nbsp;<\/p>\n\n\n\n<p>Kroz planiranje predela i projektovanje otvorenih gradskih prostora, pejza\u017ene arhitekte te\u017ee kreiranju estetski, ekolo\u0161ki i dru\u0161tveno skladnih prostora. Osnovnu delatnost pejza\u017enog arhitekte \u010dine<\/p>\n\n\n\n<p>o&nbsp;&nbsp;&nbsp;&nbsp;planiranje predela,<\/p>\n\n\n\n<p>o&nbsp;&nbsp;&nbsp;&nbsp;projektovanje javnih parkova, trgova, rekreativnih zelenih povr\u0161ina, porodi\u010dnih vrtova,<\/p>\n\n\n\n<p>o&nbsp;&nbsp;&nbsp;&nbsp;izvo\u0111enje radova na ure\u0111enju zelenih povr\u0161ina i<\/p>\n\n\n\n<p>o&nbsp;&nbsp;&nbsp;&nbsp;odr\u017eavanje zelenih povr\u0161ina.<\/p>\n\n\n\n<p>Za odre\u0111ene poslove pejza\u017ene arhitekture neophodno je posedovanje licence. Licenca je dokument koji svedo\u010di o profesionalnom iskustvu in\u017eenjera koji je poseduje i na osnovu koje in\u017eenjeri imaju pravo ali i odgovornost da rukovode odre\u0111enim poslovima. U Srbiji pejza\u017ene arhitekte imaju pravo na licence&nbsp;<\/p>\n\n\n\n<p>o&nbsp;&nbsp;&nbsp;&nbsp;odgovornog planera,&nbsp;<\/p>\n\n\n\n<p>o&nbsp;&nbsp;&nbsp;&nbsp;odgovornog urbaniste,&nbsp;<\/p>\n\n\n\n<p>o&nbsp;&nbsp;&nbsp;&nbsp;odgovornog projektanta&nbsp;i&nbsp;<\/p>\n\n\n\n<p>o&nbsp;&nbsp;&nbsp;odgovornog izvo\u0111a\u010da radova.<\/p>\n","protected":false},"excerpt":{"rendered":"<p>Pejza\u017ena arhitektura&nbsp;je&nbsp;profesija&nbsp;koja se bavi oblikovanjem&nbsp;pejza\u017ea. Bilo da je u pitanju izgra\u0111eni ili prirodni predeo, mali urbani vrt ili sistem otvorenih prostora \u010ditavog grada, u planiranju se polazi od ekolo\u0161kih uslova,<\/p>\n<p>\n                <span class=\"glyphicon glyphicon-arrow-right\"><a title=\"Continue reading\" href=\"https:\/\/demetrarb.com\/BG\/pejzazna-arhitektura-i-hortikultura\/\">Continue reading<\/a><\/span><\/p>\n","protected":false},"author":1,"featured_media":488,"parent":0,"menu_order":0,"comment_status":"closed","ping_status":"closed","template":"","meta":{"footnotes":""},"yoast_head":"<!-- This site is optimized with the Yoast SEO plugin v22.3 - https:\/\/yoast.com\/wordpress\/plugins\/seo\/ -->\n<title>Pejza\u017ena arhitektura i hortikultura - Projektovanje, ure\u0111enje i odr\u017eavanje<\/title>\n<meta name=\"robots\" content=\"index, follow, max-snippet:-1, max-image-preview:large, max-video-preview:-1\" \/>\n<link rel=\"canonical\" href=\"https:\/\/demetrarb.com\/BG\/pejzazna-arhitektura-i-hortikultura\/\" \/>\n<meta property=\"og:locale\" content=\"sr_RS\" \/>\n<meta property=\"og:type\" content=\"article\" \/>\n<meta property=\"og:title\" content=\"Pejza\u017ena arhitektura i hortikultura - Projektovanje, ure\u0111enje i odr\u017eavanje\" \/>\n<meta property=\"og:description\" content=\"Pejza\u017ena arhitektura&nbsp;je&nbsp;profesija&nbsp;koja se bavi oblikovanjem&nbsp;pejza\u017ea. Bilo da je u pitanju izgra\u0111eni ili prirodni predeo, mali urbani vrt ili sistem otvorenih prostora \u010ditavog grada, u planiranju se polazi od ekolo\u0161kih uslova,         Continue reading\" \/>\n<meta property=\"og:url\" content=\"https:\/\/demetrarb.com\/BG\/pejzazna-arhitektura-i-hortikultura\/\" \/>\n<meta property=\"og:site_name\" content=\"Projektovanje, ure\u0111enje i odr\u017eavanje\" \/>\n<meta property=\"article:publisher\" content=\"https:\/\/www.facebook.com\/demetra.rb\" \/>\n<meta property=\"article:modified_time\" content=\"2021-07-04T12:24:03+00:00\" \/>\n<meta property=\"og:image\" content=\"https:\/\/demetrarb.com\/BG\/wp-content\/uploads\/2021\/07\/20150327_125522-scaled.jpg\" \/>\n\t<meta property=\"og:image:width\" content=\"2560\" \/>\n\t<meta property=\"og:image:height\" content=\"1440\" \/>\n\t<meta property=\"og:image:type\" content=\"image\/jpeg\" \/>\n<meta name=\"twitter:card\" content=\"summary_large_image\" \/>\n<meta name=\"twitter:label1\" content=\"Procenjeno vreme \u010ditanja\" \/>\n\t<meta name=\"twitter:data1\" content=\"1 minut\" \/>\n<script type=\"application\/ld+json\" class=\"yoast-schema-graph\">{\"@context\":\"https:\/\/schema.org\",\"@graph\":[{\"@type\":\"WebPage\",\"@id\":\"https:\/\/demetrarb.com\/BG\/pejzazna-arhitektura-i-hortikultura\/\",\"url\":\"https:\/\/demetrarb.com\/BG\/pejzazna-arhitektura-i-hortikultura\/\",\"name\":\"Pejza\u017ena arhitektura i hortikultura - Projektovanje, ure\u0111enje i odr\u017eavanje\",\"isPartOf\":{\"@id\":\"https:\/\/demetrarb.com\/BG\/#website\"},\"primaryImageOfPage\":{\"@id\":\"https:\/\/demetrarb.com\/BG\/pejzazna-arhitektura-i-hortikultura\/#primaryimage\"},\"image\":{\"@id\":\"https:\/\/demetrarb.com\/BG\/pejzazna-arhitektura-i-hortikultura\/#primaryimage\"},\"thumbnailUrl\":\"https:\/\/demetrarb.com\/BG\/wp-content\/uploads\/2021\/07\/20150327_125522-scaled.jpg\",\"datePublished\":\"2021-07-04T12:20:40+00:00\",\"dateModified\":\"2021-07-04T12:24:03+00:00\",\"breadcrumb\":{\"@id\":\"https:\/\/demetrarb.com\/BG\/pejzazna-arhitektura-i-hortikultura\/#breadcrumb\"},\"inLanguage\":\"sr-RS\",\"potentialAction\":[{\"@type\":\"ReadAction\",\"target\":[\"https:\/\/demetrarb.com\/BG\/pejzazna-arhitektura-i-hortikultura\/\"]}]},{\"@type\":\"ImageObject\",\"inLanguage\":\"sr-RS\",\"@id\":\"https:\/\/demetrarb.com\/BG\/pejzazna-arhitektura-i-hortikultura\/#primaryimage\",\"url\":\"https:\/\/demetrarb.com\/BG\/wp-content\/uploads\/2021\/07\/20150327_125522-scaled.jpg\",\"contentUrl\":\"https:\/\/demetrarb.com\/BG\/wp-content\/uploads\/2021\/07\/20150327_125522-scaled.jpg\",\"width\":2560,\"height\":1440},{\"@type\":\"BreadcrumbList\",\"@id\":\"https:\/\/demetrarb.com\/BG\/pejzazna-arhitektura-i-hortikultura\/#breadcrumb\",\"itemListElement\":[{\"@type\":\"ListItem\",\"position\":1,\"name\":\"\u041f\u043e\u0447\u0435\u0442\u043d\u0430\",\"item\":\"https:\/\/demetrarb.com\/BG\/\"},{\"@type\":\"ListItem\",\"position\":2,\"name\":\"Pejza\u017ena arhitektura i hortikultura\"}]},{\"@type\":\"WebSite\",\"@id\":\"https:\/\/demetrarb.com\/BG\/#website\",\"url\":\"https:\/\/demetrarb.com\/BG\/\",\"name\":\"Projektovanje, ure\u0111enje i odr\u017eavanje\",\"description\":\"Projektujemo, izvodimo i odr\u017eavamo zelene povr\u0161ine\",\"publisher\":{\"@id\":\"https:\/\/demetrarb.com\/BG\/#organization\"},\"potentialAction\":[{\"@type\":\"SearchAction\",\"target\":{\"@type\":\"EntryPoint\",\"urlTemplate\":\"https:\/\/demetrarb.com\/BG\/?s={search_term_string}\"},\"query-input\":\"required name=search_term_string\"}],\"inLanguage\":\"sr-RS\"},{\"@type\":\"Organization\",\"@id\":\"https:\/\/demetrarb.com\/BG\/#organization\",\"name\":\"Projektovanje, ure\u0111enje i odr\u017eavanje\",\"url\":\"https:\/\/demetrarb.com\/BG\/\",\"logo\":{\"@type\":\"ImageObject\",\"inLanguage\":\"sr-RS\",\"@id\":\"https:\/\/demetrarb.com\/BG\/#\/schema\/logo\/image\/\",\"url\":\"https:\/\/demetrarb.com\/BG\/wp-content\/uploads\/2021\/06\/Demetra-RB-LOGO.jpg\",\"contentUrl\":\"https:\/\/demetrarb.com\/BG\/wp-content\/uploads\/2021\/06\/Demetra-RB-LOGO.jpg\",\"width\":2088,\"height\":322,\"caption\":\"Projektovanje, ure\u0111enje i odr\u017eavanje\"},\"image\":{\"@id\":\"https:\/\/demetrarb.com\/BG\/#\/schema\/logo\/image\/\"},\"sameAs\":[\"https:\/\/www.facebook.com\/demetra.rb\"]}]}<\/script>\n<!-- \/ Yoast SEO plugin. -->","yoast_head_json":{"title":"Pejza\u017ena arhitektura i hortikultura - Projektovanje, ure\u0111enje i odr\u017eavanje","robots":{"index":"index","follow":"follow","max-snippet":"max-snippet:-1","max-image-preview":"max-image-preview:large","max-video-preview":"max-video-preview:-1"},"canonical":"https:\/\/demetrarb.com\/BG\/pejzazna-arhitektura-i-hortikultura\/","og_locale":"sr_RS","og_type":"article","og_title":"Pejza\u017ena arhitektura i hortikultura - Projektovanje, ure\u0111enje i odr\u017eavanje","og_description":"Pejza\u017ena arhitektura&nbsp;je&nbsp;profesija&nbsp;koja se bavi oblikovanjem&nbsp;pejza\u017ea. Bilo da je u pitanju izgra\u0111eni ili prirodni predeo, mali urbani vrt ili sistem otvorenih prostora \u010ditavog grada, u planiranju se polazi od ekolo\u0161kih uslova,         Continue reading","og_url":"https:\/\/demetrarb.com\/BG\/pejzazna-arhitektura-i-hortikultura\/","og_site_name":"Projektovanje, ure\u0111enje i odr\u017eavanje","article_publisher":"https:\/\/www.facebook.com\/demetra.rb","article_modified_time":"2021-07-04T12:24:03+00:00","og_image":[{"width":2560,"height":1440,"url":"https:\/\/demetrarb.com\/BG\/wp-content\/uploads\/2021\/07\/20150327_125522-scaled.jpg","type":"image\/jpeg"}],"twitter_card":"summary_large_image","twitter_misc":{"Procenjeno vreme \u010ditanja":"1 minut"},"schema":{"@context":"https:\/\/schema.org","@graph":[{"@type":"WebPage","@id":"https:\/\/demetrarb.com\/BG\/pejzazna-arhitektura-i-hortikultura\/","url":"https:\/\/demetrarb.com\/BG\/pejzazna-arhitektura-i-hortikultura\/","name":"Pejza\u017ena arhitektura i hortikultura - Projektovanje, ure\u0111enje i odr\u017eavanje","isPartOf":{"@id":"https:\/\/demetrarb.com\/BG\/#website"},"primaryImageOfPage":{"@id":"https:\/\/demetrarb.com\/BG\/pejzazna-arhitektura-i-hortikultura\/#primaryimage"},"image":{"@id":"https:\/\/demetrarb.com\/BG\/pejzazna-arhitektura-i-hortikultura\/#primaryimage"},"thumbnailUrl":"https:\/\/demetrarb.com\/BG\/wp-content\/uploads\/2021\/07\/20150327_125522-scaled.jpg","datePublished":"2021-07-04T12:20:40+00:00","dateModified":"2021-07-04T12:24:03+00:00","breadcrumb":{"@id":"https:\/\/demetrarb.com\/BG\/pejzazna-arhitektura-i-hortikultura\/#breadcrumb"},"inLanguage":"sr-RS","potentialAction":[{"@type":"ReadAction","target":["https:\/\/demetrarb.com\/BG\/pejzazna-arhitektura-i-hortikultura\/"]}]},{"@type":"ImageObject","inLanguage":"sr-RS","@id":"https:\/\/demetrarb.com\/BG\/pejzazna-arhitektura-i-hortikultura\/#primaryimage","url":"https:\/\/demetrarb.com\/BG\/wp-content\/uploads\/2021\/07\/20150327_125522-scaled.jpg","contentUrl":"https:\/\/demetrarb.com\/BG\/wp-content\/uploads\/2021\/07\/20150327_125522-scaled.jpg","width":2560,"height":1440},{"@type":"BreadcrumbList","@id":"https:\/\/demetrarb.com\/BG\/pejzazna-arhitektura-i-hortikultura\/#breadcrumb","itemListElement":[{"@type":"ListItem","position":1,"name":"\u041f\u043e\u0447\u0435\u0442\u043d\u0430","item":"https:\/\/demetrarb.com\/BG\/"},{"@type":"ListItem","position":2,"name":"Pejza\u017ena arhitektura i hortikultura"}]},{"@type":"WebSite","@id":"https:\/\/demetrarb.com\/BG\/#website","url":"https:\/\/demetrarb.com\/BG\/","name":"Projektovanje, ure\u0111enje i odr\u017eavanje","description":"Projektujemo, izvodimo i odr\u017eavamo zelene povr\u0161ine","publisher":{"@id":"https:\/\/demetrarb.com\/BG\/#organization"},"potentialAction":[{"@type":"SearchAction","target":{"@type":"EntryPoint","urlTemplate":"https:\/\/demetrarb.com\/BG\/?s={search_term_string}"},"query-input":"required name=search_term_string"}],"inLanguage":"sr-RS"},{"@type":"Organization","@id":"https:\/\/demetrarb.com\/BG\/#organization","name":"Projektovanje, ure\u0111enje i odr\u017eavanje","url":"https:\/\/demetrarb.com\/BG\/","logo":{"@type":"ImageObject","inLanguage":"sr-RS","@id":"https:\/\/demetrarb.com\/BG\/#\/schema\/logo\/image\/","url":"https:\/\/demetrarb.com\/BG\/wp-content\/uploads\/2021\/06\/Demetra-RB-LOGO.jpg","contentUrl":"https:\/\/demetrarb.com\/BG\/wp-content\/uploads\/2021\/06\/Demetra-RB-LOGO.jpg","width":2088,"height":322,"caption":"Projektovanje, ure\u0111enje i odr\u017eavanje"},"image":{"@id":"https:\/\/demetrarb.com\/BG\/#\/schema\/logo\/image\/"},"sameAs":["https:\/\/www.facebook.com\/demetra.rb"]}]}},"_links":{"self":[{"href":"https:\/\/demetrarb.com\/BG\/wp-json\/wp\/v2\/pages\/487"}],"collection":[{"href":"https:\/\/demetrarb.com\/BG\/wp-json\/wp\/v2\/pages"}],"about":[{"href":"https:\/\/demetrarb.com\/BG\/wp-json\/wp\/v2\/types\/page"}],"author":[{"embeddable":true,"href":"https:\/\/demetrarb.com\/BG\/wp-json\/wp\/v2\/users\/1"}],"replies":[{"embeddable":true,"href":"https:\/\/demetrarb.com\/BG\/wp-json\/wp\/v2\/comments?post=487"}],"version-history":[{"count":1,"href":"https:\/\/demetrarb.com\/BG\/wp-json\/wp\/v2\/pages\/487\/revisions"}],"predecessor-version":[{"id":490,"href":"https:\/\/demetrarb.com\/BG\/wp-json\/wp\/v2\/pages\/487\/revisions\/490"}],"wp:featuredmedia":[{"embeddable":true,"href":"https:\/\/demetrarb.com\/BG\/wp-json\/wp\/v2\/media\/488"}],"wp:attachment":[{"href":"https:\/\/demetrarb.com\/BG\/wp-json\/wp\/v2\/media?parent=487"}],"curies":[{"name":"wp","href":"https:\/\/api.w.org\/{rel}","templated":true}]}}