{"id":739,"date":"2021-07-14T17:50:22","date_gmt":"2021-07-14T17:50:22","guid":{"rendered":"https:\/\/demetrarb.com\/BG\/?page_id=739"},"modified":"2021-07-14T18:11:13","modified_gmt":"2021-07-14T18:11:13","slug":"usluge","status":"publish","type":"page","link":"https:\/\/demetrarb.com\/BG\/usluge\/","title":{"rendered":"Usluge"},"content":{"rendered":"\n<p>Posedujemo znanje, iskustvo i efikasnost. Ono \u0161to nas preporu\u010duje je to \u0161to poznajemo i po\u0161tujemo prirodu, uva\u017eavamo i \u0161titimo interes klijenta. Imamo slede\u0107i dijapazon usluga:<\/p>\n\n\n\n<p><a href=\"https:\/\/demetrarb.com\/BG\/\/index.php\/2021\/07\/14\/projektovanje-zelenih-povrsina-2\/\" target=\"_blank\" rel=\"noreferrer noopener\"><strong>Projektovanje zelenih povr\u0161ina<\/strong><\/a><br><strong><a href=\"https:\/\/demetrarb.com\/BG\/\/index.php\/2021\/05\/13\/izvodjenje-zelenih-povrsina\/\" target=\"_blank\" rel=\"noreferrer noopener\">Uredjenje zelenih povr\u0161ina<\/a><\/strong><br><a href=\"https:\/\/demetrarb.com\/BG\/\/index.php\/2021\/07\/14\/odrzavanje-zelenih-povrsina\/\"><strong>Odr\u017eavanje zelenih povr\u0161ina<\/strong><\/a><br><strong><a href=\"https:\/\/demetrarb.com\/BG\/\/index.php\/2021\/04\/07\/sistem-za-navodnjavanje\/\" target=\"_blank\" rel=\"noreferrer noopener\">Instalacija i odr\u017eavanje sistema za navodnjavanje<\/a><\/strong><br>Unutra\u0161nja higijena<br>Spoljna higijena<br>Ma\u0161insko \u010di\u0161\u0107enje i pranje ulica<\/p>\n","protected":false},"excerpt":{"rendered":"<p>Posedujemo znanje, iskustvo i efikasnost. Ono \u0161to nas preporu\u010duje je to \u0161to poznajemo i po\u0161tujemo prirodu, uva\u017eavamo i \u0161titimo interes klijenta. Imamo slede\u0107i dijapazon usluga: Projektovanje zelenih povr\u0161inaUredjenje zelenih povr\u0161inaOdr\u017eavanje<\/p>\n<p>\n                <span class=\"glyphicon glyphicon-arrow-right\"><a title=\"Continue reading\" href=\"https:\/\/demetrarb.com\/BG\/usluge\/\">Continue reading<\/a><\/span><\/p>\n","protected":false},"author":1,"featured_media":523,"parent":0,"menu_order":0,"comment_status":"closed","ping_status":"closed","template":"","meta":{"footnotes":""},"yoast_head":"<!-- This site is optimized with the Yoast SEO plugin v22.3 - https:\/\/yoast.com\/wordpress\/plugins\/seo\/ -->\n<title>Usluge - Projektovanje, ure\u0111enje i odr\u017eavanje<\/title>\n<meta name=\"robots\" content=\"index, follow, max-snippet:-1, max-image-preview:large, max-video-preview:-1\" \/>\n<link rel=\"canonical\" href=\"https:\/\/demetrarb.com\/BG\/usluge\/\" \/>\n<meta property=\"og:locale\" content=\"sr_RS\" \/>\n<meta property=\"og:type\" content=\"article\" \/>\n<meta property=\"og:title\" content=\"Usluge - Projektovanje, ure\u0111enje i odr\u017eavanje\" \/>\n<meta property=\"og:description\" content=\"Posedujemo znanje, iskustvo i efikasnost. Ono \u0161to nas preporu\u010duje je to \u0161to poznajemo i po\u0161tujemo prirodu, uva\u017eavamo i \u0161titimo interes klijenta. Imamo slede\u0107i dijapazon usluga: Projektovanje zelenih povr\u0161inaUredjenje zelenih povr\u0161inaOdr\u017eavanje         Continue reading\" \/>\n<meta property=\"og:url\" content=\"https:\/\/demetrarb.com\/BG\/usluge\/\" \/>\n<meta property=\"og:site_name\" content=\"Projektovanje, ure\u0111enje i odr\u017eavanje\" \/>\n<meta property=\"article:publisher\" content=\"https:\/\/www.facebook.com\/demetra.rb\" \/>\n<meta property=\"article:modified_time\" content=\"2021-07-14T18:11:13+00:00\" \/>\n<meta property=\"og:image\" content=\"https:\/\/demetrarb.com\/BG\/wp-content\/uploads\/2021\/07\/Blok-32.-10-scaled-e1625749257439.jpg\" \/>\n\t<meta property=\"og:image:width\" content=\"480\" \/>\n\t<meta property=\"og:image:height\" content=\"640\" \/>\n\t<meta property=\"og:image:type\" content=\"image\/jpeg\" \/>\n<meta name=\"twitter:card\" content=\"summary_large_image\" \/>\n<meta name=\"twitter:label1\" content=\"Procenjeno vreme \u010ditanja\" \/>\n\t<meta name=\"twitter:data1\" content=\"1 minut\" \/>\n<script type=\"application\/ld+json\" class=\"yoast-schema-graph\">{\"@context\":\"https:\/\/schema.org\",\"@graph\":[{\"@type\":\"WebPage\",\"@id\":\"https:\/\/demetrarb.com\/BG\/usluge\/\",\"url\":\"https:\/\/demetrarb.com\/BG\/usluge\/\",\"name\":\"Usluge - Projektovanje, ure\u0111enje i odr\u017eavanje\",\"isPartOf\":{\"@id\":\"https:\/\/demetrarb.com\/BG\/#website\"},\"primaryImageOfPage\":{\"@id\":\"https:\/\/demetrarb.com\/BG\/usluge\/#primaryimage\"},\"image\":{\"@id\":\"https:\/\/demetrarb.com\/BG\/usluge\/#primaryimage\"},\"thumbnailUrl\":\"https:\/\/demetrarb.com\/BG\/wp-content\/uploads\/2021\/07\/Blok-32.-10-scaled-e1625749257439.jpg\",\"datePublished\":\"2021-07-14T17:50:22+00:00\",\"dateModified\":\"2021-07-14T18:11:13+00:00\",\"breadcrumb\":{\"@id\":\"https:\/\/demetrarb.com\/BG\/usluge\/#breadcrumb\"},\"inLanguage\":\"sr-RS\",\"potentialAction\":[{\"@type\":\"ReadAction\",\"target\":[\"https:\/\/demetrarb.com\/BG\/usluge\/\"]}]},{\"@type\":\"ImageObject\",\"inLanguage\":\"sr-RS\",\"@id\":\"https:\/\/demetrarb.com\/BG\/usluge\/#primaryimage\",\"url\":\"https:\/\/demetrarb.com\/BG\/wp-content\/uploads\/2021\/07\/Blok-32.-10-scaled-e1625749257439.jpg\",\"contentUrl\":\"https:\/\/demetrarb.com\/BG\/wp-content\/uploads\/2021\/07\/Blok-32.-10-scaled-e1625749257439.jpg\",\"width\":480,\"height\":640},{\"@type\":\"BreadcrumbList\",\"@id\":\"https:\/\/demetrarb.com\/BG\/usluge\/#breadcrumb\",\"itemListElement\":[{\"@type\":\"ListItem\",\"position\":1,\"name\":\"\u041f\u043e\u0447\u0435\u0442\u043d\u0430\",\"item\":\"https:\/\/demetrarb.com\/BG\/\"},{\"@type\":\"ListItem\",\"position\":2,\"name\":\"Usluge\"}]},{\"@type\":\"WebSite\",\"@id\":\"https:\/\/demetrarb.com\/BG\/#website\",\"url\":\"https:\/\/demetrarb.com\/BG\/\",\"name\":\"Projektovanje, ure\u0111enje i odr\u017eavanje\",\"description\":\"Projektujemo, izvodimo i odr\u017eavamo zelene povr\u0161ine\",\"publisher\":{\"@id\":\"https:\/\/demetrarb.com\/BG\/#organization\"},\"potentialAction\":[{\"@type\":\"SearchAction\",\"target\":{\"@type\":\"EntryPoint\",\"urlTemplate\":\"https:\/\/demetrarb.com\/BG\/?s={search_term_string}\"},\"query-input\":\"required name=search_term_string\"}],\"inLanguage\":\"sr-RS\"},{\"@type\":\"Organization\",\"@id\":\"https:\/\/demetrarb.com\/BG\/#organization\",\"name\":\"Projektovanje, ure\u0111enje i odr\u017eavanje\",\"url\":\"https:\/\/demetrarb.com\/BG\/\",\"logo\":{\"@type\":\"ImageObject\",\"inLanguage\":\"sr-RS\",\"@id\":\"https:\/\/demetrarb.com\/BG\/#\/schema\/logo\/image\/\",\"url\":\"https:\/\/demetrarb.com\/BG\/wp-content\/uploads\/2021\/06\/Demetra-RB-LOGO.jpg\",\"contentUrl\":\"https:\/\/demetrarb.com\/BG\/wp-content\/uploads\/2021\/06\/Demetra-RB-LOGO.jpg\",\"width\":2088,\"height\":322,\"caption\":\"Projektovanje, ure\u0111enje i odr\u017eavanje\"},\"image\":{\"@id\":\"https:\/\/demetrarb.com\/BG\/#\/schema\/logo\/image\/\"},\"sameAs\":[\"https:\/\/www.facebook.com\/demetra.rb\"]}]}<\/script>\n<!-- \/ Yoast SEO plugin. -->","yoast_head_json":{"title":"Usluge - Projektovanje, ure\u0111enje i odr\u017eavanje","robots":{"index":"index","follow":"follow","max-snippet":"max-snippet:-1","max-image-preview":"max-image-preview:large","max-video-preview":"max-video-preview:-1"},"canonical":"https:\/\/demetrarb.com\/BG\/usluge\/","og_locale":"sr_RS","og_type":"article","og_title":"Usluge - Projektovanje, ure\u0111enje i odr\u017eavanje","og_description":"Posedujemo znanje, iskustvo i efikasnost. Ono \u0161to nas preporu\u010duje je to \u0161to poznajemo i po\u0161tujemo prirodu, uva\u017eavamo i \u0161titimo interes klijenta. Imamo slede\u0107i dijapazon usluga: Projektovanje zelenih povr\u0161inaUredjenje zelenih povr\u0161inaOdr\u017eavanje         Continue reading","og_url":"https:\/\/demetrarb.com\/BG\/usluge\/","og_site_name":"Projektovanje, ure\u0111enje i odr\u017eavanje","article_publisher":"https:\/\/www.facebook.com\/demetra.rb","article_modified_time":"2021-07-14T18:11:13+00:00","og_image":[{"width":480,"height":640,"url":"https:\/\/demetrarb.com\/BG\/wp-content\/uploads\/2021\/07\/Blok-32.-10-scaled-e1625749257439.jpg","type":"image\/jpeg"}],"twitter_card":"summary_large_image","twitter_misc":{"Procenjeno vreme \u010ditanja":"1 minut"},"schema":{"@context":"https:\/\/schema.org","@graph":[{"@type":"WebPage","@id":"https:\/\/demetrarb.com\/BG\/usluge\/","url":"https:\/\/demetrarb.com\/BG\/usluge\/","name":"Usluge - Projektovanje, ure\u0111enje i odr\u017eavanje","isPartOf":{"@id":"https:\/\/demetrarb.com\/BG\/#website"},"primaryImageOfPage":{"@id":"https:\/\/demetrarb.com\/BG\/usluge\/#primaryimage"},"image":{"@id":"https:\/\/demetrarb.com\/BG\/usluge\/#primaryimage"},"thumbnailUrl":"https:\/\/demetrarb.com\/BG\/wp-content\/uploads\/2021\/07\/Blok-32.-10-scaled-e1625749257439.jpg","datePublished":"2021-07-14T17:50:22+00:00","dateModified":"2021-07-14T18:11:13+00:00","breadcrumb":{"@id":"https:\/\/demetrarb.com\/BG\/usluge\/#breadcrumb"},"inLanguage":"sr-RS","potentialAction":[{"@type":"ReadAction","target":["https:\/\/demetrarb.com\/BG\/usluge\/"]}]},{"@type":"ImageObject","inLanguage":"sr-RS","@id":"https:\/\/demetrarb.com\/BG\/usluge\/#primaryimage","url":"https:\/\/demetrarb.com\/BG\/wp-content\/uploads\/2021\/07\/Blok-32.-10-scaled-e1625749257439.jpg","contentUrl":"https:\/\/demetrarb.com\/BG\/wp-content\/uploads\/2021\/07\/Blok-32.-10-scaled-e1625749257439.jpg","width":480,"height":640},{"@type":"BreadcrumbList","@id":"https:\/\/demetrarb.com\/BG\/usluge\/#breadcrumb","itemListElement":[{"@type":"ListItem","position":1,"name":"\u041f\u043e\u0447\u0435\u0442\u043d\u0430","item":"https:\/\/demetrarb.com\/BG\/"},{"@type":"ListItem","position":2,"name":"Usluge"}]},{"@type":"WebSite","@id":"https:\/\/demetrarb.com\/BG\/#website","url":"https:\/\/demetrarb.com\/BG\/","name":"Projektovanje, ure\u0111enje i odr\u017eavanje","description":"Projektujemo, izvodimo i odr\u017eavamo zelene povr\u0161ine","publisher":{"@id":"https:\/\/demetrarb.com\/BG\/#organization"},"potentialAction":[{"@type":"SearchAction","target":{"@type":"EntryPoint","urlTemplate":"https:\/\/demetrarb.com\/BG\/?s={search_term_string}"},"query-input":"required name=search_term_string"}],"inLanguage":"sr-RS"},{"@type":"Organization","@id":"https:\/\/demetrarb.com\/BG\/#organization","name":"Projektovanje, ure\u0111enje i odr\u017eavanje","url":"https:\/\/demetrarb.com\/BG\/","logo":{"@type":"ImageObject","inLanguage":"sr-RS","@id":"https:\/\/demetrarb.com\/BG\/#\/schema\/logo\/image\/","url":"https:\/\/demetrarb.com\/BG\/wp-content\/uploads\/2021\/06\/Demetra-RB-LOGO.jpg","contentUrl":"https:\/\/demetrarb.com\/BG\/wp-content\/uploads\/2021\/06\/Demetra-RB-LOGO.jpg","width":2088,"height":322,"caption":"Projektovanje, ure\u0111enje i odr\u017eavanje"},"image":{"@id":"https:\/\/demetrarb.com\/BG\/#\/schema\/logo\/image\/"},"sameAs":["https:\/\/www.facebook.com\/demetra.rb"]}]}},"_links":{"self":[{"href":"https:\/\/demetrarb.com\/BG\/wp-json\/wp\/v2\/pages\/739"}],"collection":[{"href":"https:\/\/demetrarb.com\/BG\/wp-json\/wp\/v2\/pages"}],"about":[{"href":"https:\/\/demetrarb.com\/BG\/wp-json\/wp\/v2\/types\/page"}],"author":[{"embeddable":true,"href":"https:\/\/demetrarb.com\/BG\/wp-json\/wp\/v2\/users\/1"}],"replies":[{"embeddable":true,"href":"https:\/\/demetrarb.com\/BG\/wp-json\/wp\/v2\/comments?post=739"}],"version-history":[{"count":6,"href":"https:\/\/demetrarb.com\/BG\/wp-json\/wp\/v2\/pages\/739\/revisions"}],"predecessor-version":[{"id":752,"href":"https:\/\/demetrarb.com\/BG\/wp-json\/wp\/v2\/pages\/739\/revisions\/752"}],"wp:featuredmedia":[{"embeddable":true,"href":"https:\/\/demetrarb.com\/BG\/wp-json\/wp\/v2\/media\/523"}],"wp:attachment":[{"href":"https:\/\/demetrarb.com\/BG\/wp-json\/wp\/v2\/media?parent=739"}],"curies":[{"name":"wp","href":"https:\/\/api.w.org\/{rel}","templated":true}]}}